{"id":9210,"date":"2023-12-25T21:28:20","date_gmt":"2023-12-26T00:28:20","guid":{"rendered":"https:\/\/robokid.com.br\/loja\/?post_type=product&#038;p=9210"},"modified":"2023-12-25T21:30:32","modified_gmt":"2023-12-26T00:30:32","slug":"modulo-carregador-de-baterias-de-litio-tp4056-micro-usb","status":"publish","type":"product","link":"https:\/\/robokid.com.br\/loja\/produto\/modulo-carregador-de-baterias-de-litio-tp4056-micro-usb\/","title":{"rendered":"M\u00f3dulo Carregador de Baterias de L\u00edtio TP4056 &#8211; MICRO USB"},"content":{"rendered":"<h4>Descri\u00e7\u00e3o<\/h4>\n<div class=\"box-descricao\">\n<p>Este\u00a0<strong>M\u00f3dulo<\/strong>\u00a0Carregador de Baterias foi desenvolvido para solucionar problemas com falta de carga em baterias. Ele possibilita que baterias de l\u00edtio, por exemplo, sejam recarregadas diretamente no compartimento onde se encontram, sem necessitar remov\u00ea-las. O diferencial do M\u00f3dulo Carregador de Baterias de L\u00edtio \u00e9 sua ampla aplicabilidade para mais diversos tipos de prot\u00f3tipos rob\u00f3ticos, baseados ou n\u00e3o, em sistemas microcontroladores.<\/p>\n<p>O M\u00f3dulo Carregador de Baterias de L\u00edtio conta ainda com LEDs indicadores de carga. O LED vermelho indica que est\u00e1 carregando, enquanto que o LED verde indica que a carga est\u00e1 completa.<\/p>\n<\/div>\n<div class=\"box-blog\">\n<p>&nbsp;<\/p>\n<p>Especifica\u00e7\u00f5es t\u00e9cnicas<\/p>\n<\/div>\n<div class=\"box-especificacao\">\n<table class=\"table table-striped\">\n<tbody>\n<tr>\n<td>CHIP<\/td>\n<td>TP4056<\/td>\n<\/tr>\n<tr>\n<td>TENS\u00c3O DE ENTRADA<\/td>\n<td>4.5V ~ 5.5V<\/td>\n<\/tr>\n<tr>\n<td>TENS\u00c3O TOTALMENTE CARREGADA<\/td>\n<td>4.2V<\/td>\n<\/tr>\n<tr>\n<td>CORRENTE DE CARREGAMENTO<\/td>\n<td>1A ajust\u00e1vel<\/td>\n<\/tr>\n<tr>\n<td>TEMPERATURA DE TRABALHO<\/td>\n<td>-10\u00baC a 85\u00baC<\/td>\n<\/tr>\n<tr>\n<td>M\u00c9TODO DE CARREGAMENTO<\/td>\n<td>carga linear 1% &#8211; Precis\u00e3o de carga: 1,5%<\/td>\n<\/tr>\n<tr>\n<td>INTERFACE<\/td>\n<td>Micro USB<\/td>\n<\/tr>\n<tr>\n<td>DIMENS\u00d5ES<\/td>\n<td>22x17mm<\/td>\n<\/tr>\n<\/tbody>\n<\/table>\n<\/div>\n<h4>Acompanha<\/h4>\n<div class=\"box-acompanha\">\n<table class=\"table table-striped\">\n<thead>\n<tr>\n<th>Quantidade<\/th>\n<th>Descri\u00e7\u00e3o<\/th>\n<\/tr>\n<\/thead>\n<tbody>\n<tr>\n<td>01<\/td>\n<td>M\u00f3dulo Carregador de Baterias de L\u00edtio TP4056<\/td>\n<\/tr>\n<\/tbody>\n<\/table>\n<\/div>\n","protected":false},"excerpt":{"rendered":"<p>Descri\u00e7\u00e3o Este\u00a0M\u00f3dulo\u00a0Carregador de Baterias foi desenvolvido para solucionar problemas com falta de carga em baterias. Ele possibilita que baterias de l\u00edtio, por exemplo, sejam recarregadas diretamente no compartimento onde se<\/p>\n","protected":false},"featured_media":9211,"comment_status":"open","ping_status":"closed","template":"","meta":{"_acf_changed":false},"product_cat":[160],"product_tag":[],"acf":[],"_links":{"self":[{"href":"https:\/\/robokid.com.br\/loja\/wp-json\/wp\/v2\/product\/9210"}],"collection":[{"href":"https:\/\/robokid.com.br\/loja\/wp-json\/wp\/v2\/product"}],"about":[{"href":"https:\/\/robokid.com.br\/loja\/wp-json\/wp\/v2\/types\/product"}],"replies":[{"embeddable":true,"href":"https:\/\/robokid.com.br\/loja\/wp-json\/wp\/v2\/comments?post=9210"}],"wp:featuredmedia":[{"embeddable":true,"href":"https:\/\/robokid.com.br\/loja\/wp-json\/wp\/v2\/media\/9211"}],"wp:attachment":[{"href":"https:\/\/robokid.com.br\/loja\/wp-json\/wp\/v2\/media?parent=9210"}],"wp:term":[{"taxonomy":"product_cat","embeddable":true,"href":"https:\/\/robokid.com.br\/loja\/wp-json\/wp\/v2\/product_cat?post=9210"},{"taxonomy":"product_tag","embeddable":true,"href":"https:\/\/robokid.com.br\/loja\/wp-json\/wp\/v2\/product_tag?post=9210"}],"curies":[{"name":"wp","href":"https:\/\/api.w.org\/{rel}","templated":true}]}}