{"id":9203,"date":"2023-12-25T03:36:28","date_gmt":"2023-12-25T06:36:28","guid":{"rendered":"https:\/\/robokid.com.br\/loja\/?post_type=product&#038;p=9203"},"modified":"2024-04-15T09:31:33","modified_gmt":"2024-04-15T12:31:33","slug":"chave-kit-110-em-1-multi-uso-ferramenta-de-reparo-profissional-03394-te-8015","status":"publish","type":"product","link":"https:\/\/robokid.com.br\/loja\/produto\/chave-kit-110-em-1-multi-uso-ferramenta-de-reparo-profissional-03394-te-8015\/","title":{"rendered":"Chave kit 110 em 1 Multi Uso Ferramenta de Reparo Profissional 03394 \/ TE-8015"},"content":{"rendered":"<p><strong>DETALHES DO PRODUTO:<\/strong><\/p>\n<p>1. profissional de precis\u00e3o chave de fenda Chave De Fenda 110-em-1 jogo tem diferentes tipos de ferramentas projetadas para a repara\u00e7\u00e3o consolas de jogos, computadores, dispositivos m\u00f3veis, c\u00e2meras de precis\u00e3o e outros itens como rel\u00f3gios e \u00f3culos.<br \/>\n2. de alta qualidade e ampla aplica\u00e7\u00e3o: Feito de materiais de alta qualidade para maior durabilidade. Diferentes tipos de exerc\u00edcios pode acomodar muitas formas de parafusos para atender todas as necessidades. 3. equipado com uma caixa de armazenamento profissional: o kit de repara\u00e7\u00e3o \u00e9 equipado com uma caixa de armazenamento feito de material de PP e \u00e9 resistente ao choque.<br \/>\n4. fun\u00e7\u00e3o magn\u00e9tica e desempenho: a dica sobre a chave de fenda magn\u00e9tica \u00e9 muito conveniente quando o parafuso \u00e9 puxado para fora ou o parafuso est\u00e1 alinhado com o buraco. Especialmente para amadores, magnetismo pode melhorar o desempenho e economizar tempo.<br \/>\n5. uso do produto: ferramentas de manuten\u00e7\u00e3o, amplamente utilizado em telefones m\u00f3veis, digitais, eletrodom\u00e9sticos e outros campos<\/p>\n<p>Especifica\u00e7\u00f5es:<\/p>\n<p>1 x al\u00e7a (pl\u00e1stico) 35*25*12mm<br \/>\n1 x eixo de extens\u00e3o flex\u00edvel<br \/>\n1 x barra de extens\u00e3o 128mm<br \/>\n1 x pin\u00e7a 122mm<br \/>\n2 x ferramentas de alavanca de pl\u00e1stico (86mm e 82mm)<br \/>\n1 x ferramentas de remo\u00e7\u00e3o de cart\u00e3o sim 33mm<br \/>\n1 x chave 98mm<br \/>\n1 x ventosa 35mm<br \/>\n2 x palhetas de abertura (35*37mm e 31*33mm)<br \/>\n1 x suporte de broca para chave de fenda el\u00e9trica<br \/>\n98 * bit chave de fenda<br \/>\nPhillips:000\/00\/0\/1\/2\/x2<br \/>\nPhillips com um buraco:000\/00&#215;2\/0x2\/1\/2<br \/>\nY:0.6\/2\/3<br \/>\nSlotted:SL1.0 SL1.3 SL1.5 SL2.0 SL2.5 SL3.0 SL3.5 SL4.0<br \/>\nPentagonal: P2 0.8 P5 1.2 P6 1.5 P8 2.0<br \/>\nTrox:3\/4\/5\/6\/7\/8\/9\/10\/15\/20\/x2<br \/>\nHex:0.7\/0.9\/1.0\/1.3\/1.5\/2.0&#215;2\/2.5&#215;2\/3.0&#215;2\/3.5&#215;2\/4.0&#215;2\uff0c<br \/>\nTri\u00e2ngulo: 2.0 2.3 2.6 3.0<br \/>\nPhillips com um buraco:2.5&#215;2\uff0c<br \/>\nSquare:0\/1\uff0c<br \/>\nburaco SIM\uff0c<br \/>\nPhillips MID\uff0c<br \/>\nICS: EM PH2<br \/>\n4MM Socket:2.5\/3.0\/3.5\/4.0\/4.5\/5.0\/5.5<\/p>\n<p>Itens incluso:<\/p>\n<p>1 x al\u00e7a (pl\u00e1stico)<br \/>\n1 x eixo de extens\u00e3o flex\u00edvel<br \/>\n1 x barra de extens\u00e3o<br \/>\n1 x pin\u00e7a<br \/>\n2 x ferramentas de alavanca de pl\u00e1stico<br \/>\n1 x ferramentas de remo\u00e7\u00e3o de cart\u00e3o sim<br \/>\n1 x magnetizador\/desmagnetizador<br \/>\n1 x ventosa<br \/>\n2 x palhetas de abertura<br \/>\n1 x suporte de broca para chave de fenda el\u00e9trica<br \/>\n1 x case de armazenamento transporte<br \/>\n98 x bit chave de fenda<\/p>\n","protected":false},"excerpt":{"rendered":"<p>DETALHES DO PRODUTO: 1. profissional de precis\u00e3o chave de fenda Chave De Fenda 110-em-1 jogo tem diferentes tipos de ferramentas projetadas para a repara\u00e7\u00e3o consolas de jogos, computadores, dispositivos m\u00f3veis,<\/p>\n","protected":false},"featured_media":9204,"comment_status":"open","ping_status":"closed","template":"","meta":{"_acf_changed":false},"product_cat":[174],"product_tag":[],"acf":[],"_links":{"self":[{"href":"https:\/\/robokid.com.br\/loja\/wp-json\/wp\/v2\/product\/9203"}],"collection":[{"href":"https:\/\/robokid.com.br\/loja\/wp-json\/wp\/v2\/product"}],"about":[{"href":"https:\/\/robokid.com.br\/loja\/wp-json\/wp\/v2\/types\/product"}],"replies":[{"embeddable":true,"href":"https:\/\/robokid.com.br\/loja\/wp-json\/wp\/v2\/comments?post=9203"}],"wp:featuredmedia":[{"embeddable":true,"href":"https:\/\/robokid.com.br\/loja\/wp-json\/wp\/v2\/media\/9204"}],"wp:attachment":[{"href":"https:\/\/robokid.com.br\/loja\/wp-json\/wp\/v2\/media?parent=9203"}],"wp:term":[{"taxonomy":"product_cat","embeddable":true,"href":"https:\/\/robokid.com.br\/loja\/wp-json\/wp\/v2\/product_cat?post=9203"},{"taxonomy":"product_tag","embeddable":true,"href":"https:\/\/robokid.com.br\/loja\/wp-json\/wp\/v2\/product_tag?post=9203"}],"curies":[{"name":"wp","href":"https:\/\/api.w.org\/{rel}","templated":true}]}}