{"id":9201,"date":"2023-12-25T03:32:48","date_gmt":"2023-12-25T06:32:48","guid":{"rendered":"https:\/\/robokid.com.br\/loja\/?post_type=product&#038;p=9201"},"modified":"2023-12-31T00:21:49","modified_gmt":"2023-12-31T03:21:49","slug":"caixa-de-som-bluetooth-usb-led-grasep-d-bh888","status":"publish","type":"product","link":"https:\/\/robokid.com.br\/loja\/produto\/caixa-de-som-bluetooth-usb-led-grasep-d-bh888\/","title":{"rendered":"Caixa de Som Bluetooth USB LED GRASEP &#8211; D-BH888"},"content":{"rendered":"<p><strong class=\"desctitle\">DETALHES DO PRODUTO:<\/strong><\/p>\n<h1>Caixa de Som Bluetooth D-BH888<\/h1>\n<p>A\u00a0<strong>Caixa de Som Bluetooth D-BH888\u00a0<\/strong>\u00e9 uma op\u00e7\u00e3o de \u00e1udio vers\u00e1til e vibrante. Com conectividade Bluetooth, voc\u00ea pode emparelh\u00e1-la facilmente com dispositivos m\u00f3veis, como smartphones e tablets, para transmitir sons necessitar de fio.<\/p>\n<h2>Detalhes T\u00e9cnicos<\/h2>\n<p>&#8211; Bluetooth \/ R\u00e1dio FM \/ Cart\u00e3o de Mem\u00f3ria SD \/ Usb<\/p>\n<p>&#8211; Pot\u00eancia: 5W RMS<\/p>\n<p>&#8211; Alimenta\u00e7\u00e3o: 5Vdc (Via Porta USB)<\/p>\n<p>&#8211; Capacidade da bateria interna: 800mAh<\/p>\n<p>&#8211; Frequ\u00eancia de Resposta:30Hz-20kHz<\/p>\n<p>&#8211; Imped\u00e2ncia: 4 Ohms<\/p>\n<p>&#8211; Sensibilidade: &gt; 65dB<\/p>\n<p>&#8211; Di\u00e2metro do Alto-falante: 5.2cm<\/p>\n<p>&#8211; Dimens\u00f5es: 9.3x 7 x 7cm (CxLxA)<\/p>\n<p>&#8211; Produto Homologado pela Anatel<\/p>\n<p><strong>Obs.<\/strong>\u00a0Imagens meramente ilustrativas. Cores, tamanhos e embalagem podem variar de acordo com o lote e o fabricante. Cores enviadas de forma sortida, de acordo com a disponibilidade em estoque.<\/p>\n","protected":false},"excerpt":{"rendered":"<p>DETALHES DO PRODUTO: Caixa de Som Bluetooth D-BH888 A\u00a0Caixa de Som Bluetooth D-BH888\u00a0\u00e9 uma op\u00e7\u00e3o de \u00e1udio vers\u00e1til e vibrante. Com conectividade Bluetooth, voc\u00ea pode emparelh\u00e1-la facilmente com dispositivos m\u00f3veis,<\/p>\n","protected":false},"featured_media":9202,"comment_status":"open","ping_status":"closed","template":"","meta":{"_acf_changed":false},"product_cat":[151],"product_tag":[],"acf":[],"_links":{"self":[{"href":"https:\/\/robokid.com.br\/loja\/wp-json\/wp\/v2\/product\/9201"}],"collection":[{"href":"https:\/\/robokid.com.br\/loja\/wp-json\/wp\/v2\/product"}],"about":[{"href":"https:\/\/robokid.com.br\/loja\/wp-json\/wp\/v2\/types\/product"}],"replies":[{"embeddable":true,"href":"https:\/\/robokid.com.br\/loja\/wp-json\/wp\/v2\/comments?post=9201"}],"wp:featuredmedia":[{"embeddable":true,"href":"https:\/\/robokid.com.br\/loja\/wp-json\/wp\/v2\/media\/9202"}],"wp:attachment":[{"href":"https:\/\/robokid.com.br\/loja\/wp-json\/wp\/v2\/media?parent=9201"}],"wp:term":[{"taxonomy":"product_cat","embeddable":true,"href":"https:\/\/robokid.com.br\/loja\/wp-json\/wp\/v2\/product_cat?post=9201"},{"taxonomy":"product_tag","embeddable":true,"href":"https:\/\/robokid.com.br\/loja\/wp-json\/wp\/v2\/product_tag?post=9201"}],"curies":[{"name":"wp","href":"https:\/\/api.w.org\/{rel}","templated":true}]}}