{"id":9199,"date":"2023-12-25T03:28:13","date_gmt":"2023-12-25T06:28:13","guid":{"rendered":"https:\/\/robokid.com.br\/loja\/?post_type=product&#038;p=9199"},"modified":"2023-12-31T01:08:41","modified_gmt":"2023-12-31T04:08:41","slug":"caixa-de-som-bluetooth-10w-com-alca-e-suporte-para-celular-grasep-d-p13","status":"publish","type":"product","link":"https:\/\/robokid.com.br\/loja\/produto\/caixa-de-som-bluetooth-10w-com-alca-e-suporte-para-celular-grasep-d-p13\/","title":{"rendered":"Caixa de Som Bluetooth 10W Com Al\u00e7a e Suporte para Celular Grasep &#8211; D-P13"},"content":{"rendered":"<h3>DETALHES DO PRODUTO:<\/h3>\n<p>a caixa de som D-P13 com autonomia de at\u00e9 4hs e com a nova tecnologia TWS onde voc\u00eas conectar varias caixas ao mesmo tempo. Possui Bluetooth com um som incr\u00edvel e design compacto. Muito leve e totalmente port\u00e1til!<\/p>\n<p>Especifica\u00e7\u00f5es T\u00e9cnicas<\/p>\n<p>Bluetooth: 5.0+EDR- at\u00e9 10m<\/p>\n<p>Lan\u00e7amento com Fun\u00e7\u00e3o TWS (conecta em mais de uma por vez)<\/p>\n<p>Multi Conex\u00f5es: Bluetooth \/ P2 \/USB \/ Micro SD<\/p>\n<p>R\u00e1dio FM<\/p>\n<p>Pot\u00eancia: 10W RMS 500w PMPO<\/p>\n<p>Frequ\u00eancia de Resposta: 150 \u2013 20kHz<\/p>\n<p>Ru\u00eddo: &lt;= 80dB<\/p>\n<p>Distor\u00e7\u00e3o: &lt; 0,5%<\/p>\n<p>Tamanho do falante: 4 polegadas<\/p>\n<p>Tempo de trabalho: 3-4 Horas<\/p>\n<p>Tempo de carregamento: 4 horas<\/p>\n<p>Capacidade da bateria: 800MAH<\/p>\n<p>Forma de carregar: USB 5V<\/p>\n<h3><strong>Conte\u00fado da Embalagem<\/strong><\/h3>\n<p>1 Caixa de Som port\u00e1til D-P13<\/p>\n<p>1 Cabo USB<\/p>\n<p>1 Al\u00e7a Para Transporte<\/p>\n<p>&nbsp;<\/p>\n","protected":false},"excerpt":{"rendered":"<p>DETALHES DO PRODUTO: a caixa de som D-P13 com autonomia de at\u00e9 4hs e com a nova tecnologia TWS onde voc\u00eas conectar varias caixas ao mesmo tempo. Possui Bluetooth com<\/p>\n","protected":false},"featured_media":9200,"comment_status":"open","ping_status":"closed","template":"","meta":{"_acf_changed":false},"product_cat":[151],"product_tag":[],"acf":[],"_links":{"self":[{"href":"https:\/\/robokid.com.br\/loja\/wp-json\/wp\/v2\/product\/9199"}],"collection":[{"href":"https:\/\/robokid.com.br\/loja\/wp-json\/wp\/v2\/product"}],"about":[{"href":"https:\/\/robokid.com.br\/loja\/wp-json\/wp\/v2\/types\/product"}],"replies":[{"embeddable":true,"href":"https:\/\/robokid.com.br\/loja\/wp-json\/wp\/v2\/comments?post=9199"}],"wp:featuredmedia":[{"embeddable":true,"href":"https:\/\/robokid.com.br\/loja\/wp-json\/wp\/v2\/media\/9200"}],"wp:attachment":[{"href":"https:\/\/robokid.com.br\/loja\/wp-json\/wp\/v2\/media?parent=9199"}],"wp:term":[{"taxonomy":"product_cat","embeddable":true,"href":"https:\/\/robokid.com.br\/loja\/wp-json\/wp\/v2\/product_cat?post=9199"},{"taxonomy":"product_tag","embeddable":true,"href":"https:\/\/robokid.com.br\/loja\/wp-json\/wp\/v2\/product_tag?post=9199"}],"curies":[{"name":"wp","href":"https:\/\/api.w.org\/{rel}","templated":true}]}}