{"id":9195,"date":"2023-12-25T03:20:36","date_gmt":"2023-12-25T06:20:36","guid":{"rendered":"https:\/\/robokid.com.br\/loja\/?post_type=product&#038;p=9195"},"modified":"2023-12-30T23:32:24","modified_gmt":"2023-12-31T02:32:24","slug":"kit-de-ferramentas-com-acessorios-e-maleta-de-transporte-onistek-on-ty012","status":"publish","type":"product","link":"https:\/\/robokid.com.br\/loja\/produto\/kit-de-ferramentas-com-acessorios-e-maleta-de-transporte-onistek-on-ty012\/","title":{"rendered":"Kit de Ferramentas com Acess\u00f3rios e Maleta de Transporte ONISTEK &#8211; ON-TY012"},"content":{"rendered":"<p><strong class=\"desctitle\">DETALHES DO PRODUTO:<\/strong><\/p>\n<h2>KIT com 8 Ferramentas, 4 Acess\u00f3rios e Maleta<\/h2>\n<p>Eleve suas habilidades de Manuten\u00e7\u00e3o com nosso Kit de Ferramentas! Com 8 ferramentas essenciais e 4 acess\u00f3rios, este conjunto b\u00e1sico \u00e9 projetado para atender a diversas necessidades. Desde reparos simples at\u00e9 projetos mais complexos, voc\u00ea estar\u00e1 preparado.<\/p>\n<p>A maleta de transporte dur\u00e1vel facilita o transporte e a organiza\u00e7\u00e3o. Invista na qualidade e praticidade &#8211; leve o seu Kit de Ferramentas para casa hoje e esteja pronto para qualquer desafio!<\/p>\n<h2>Conte\u00fado<\/h2>\n<p>&#8211; 02 Chaves de fenda 6* 100 \/ 6* 38<br \/>\n&#8211; 02 Chaves Philips 6* 100 \/ 6* 38<br \/>\n&#8211; 01 Chave Inglesa<br \/>\n&#8211; 01 Alicate<br \/>\n&#8211; 01 Martelo<br \/>\n&#8211; 01 Alicate de ponta longa<br \/>\n&#8211; 01 Estilete<br \/>\n&#8211; 01 Testador de eletricidade \/ 01 Fita isolante<br \/>\n&#8211; 01 Trena de 2m<\/p>\n<p>&nbsp;<\/p>\n<p><strong>Obs.<\/strong>\u00a0Imagens meramente ilustrativas. Cores, tamanhos e embalagem podem variar de acordo com o lote e o fabricante.<\/p>\n","protected":false},"excerpt":{"rendered":"<p>DETALHES DO PRODUTO: KIT com 8 Ferramentas, 4 Acess\u00f3rios e Maleta Eleve suas habilidades de Manuten\u00e7\u00e3o com nosso Kit de Ferramentas! Com 8 ferramentas essenciais e 4 acess\u00f3rios, este conjunto<\/p>\n","protected":false},"featured_media":9196,"comment_status":"open","ping_status":"closed","template":"","meta":{"_acf_changed":false},"product_cat":[174],"product_tag":[],"acf":[],"_links":{"self":[{"href":"https:\/\/robokid.com.br\/loja\/wp-json\/wp\/v2\/product\/9195"}],"collection":[{"href":"https:\/\/robokid.com.br\/loja\/wp-json\/wp\/v2\/product"}],"about":[{"href":"https:\/\/robokid.com.br\/loja\/wp-json\/wp\/v2\/types\/product"}],"replies":[{"embeddable":true,"href":"https:\/\/robokid.com.br\/loja\/wp-json\/wp\/v2\/comments?post=9195"}],"wp:featuredmedia":[{"embeddable":true,"href":"https:\/\/robokid.com.br\/loja\/wp-json\/wp\/v2\/media\/9196"}],"wp:attachment":[{"href":"https:\/\/robokid.com.br\/loja\/wp-json\/wp\/v2\/media?parent=9195"}],"wp:term":[{"taxonomy":"product_cat","embeddable":true,"href":"https:\/\/robokid.com.br\/loja\/wp-json\/wp\/v2\/product_cat?post=9195"},{"taxonomy":"product_tag","embeddable":true,"href":"https:\/\/robokid.com.br\/loja\/wp-json\/wp\/v2\/product_tag?post=9195"}],"curies":[{"name":"wp","href":"https:\/\/api.w.org\/{rel}","templated":true}]}}