{"id":9193,"date":"2023-12-25T03:13:43","date_gmt":"2023-12-25T06:13:43","guid":{"rendered":"https:\/\/robokid.com.br\/loja\/?post_type=product&#038;p=9193"},"modified":"2023-12-29T17:09:22","modified_gmt":"2023-12-29T20:09:22","slug":"modulo-decodificador-amplificador-de-audio-mp3-gpd2846a-2w","status":"publish","type":"product","link":"https:\/\/robokid.com.br\/loja\/produto\/modulo-decodificador-amplificador-de-audio-mp3-gpd2846a-2w\/","title":{"rendered":"M\u00f3dulo Decodificador\/Amplificador de \u00c1udio MP3 GPD2846A 2W"},"content":{"rendered":"<h4>Descri\u00e7\u00e3o<\/h4>\n<div class=\"box-descricao\">\n<p>Este\u00a0<strong>M\u00f3dulo<\/strong>\u00a0MP3 TF com slot para cart\u00e3o de mem\u00f3ria micro SD pode reproduzir T\/cart\u00e3o SD, disco U, FM e fonte de \u00e1udio externa (LineIn), em seguida, inserir a primeira transmiss\u00e3o, ou alternar pela tecla Mode. Ele detecta automaticamente se o fone de ouvido est\u00e1 conectado e, consequentemente, o amplificador de energia externo \u00e9 diretamente comutado pela porta E\/S (Mudo) e o triode externo n\u00e3o \u00e9 necess\u00e1rio. Suporte para armazenar o volume, n\u00famero de m\u00fasicas, e etc. No cart\u00e3o T\/cart\u00e3o SD, disco U, o usu\u00e1rio pode salvar EEPROM. Ele pode detectar automaticamente se o EEPROM externo \u00e9 usado e decidir se deve armazenar as configura\u00e7\u00f5es em EEPROM ou T\/cart\u00e3o SD ou unidade flash USB. Uma variedade de combina\u00e7\u00f5es de teclas s\u00e3o implementadas com uma porta de tecla AD. Existem dois conjuntos de teclados AD para escolher. Suporta 3 chips de r\u00e1dio FM: RDA5807, BK1080 e RTC6207E.<\/p>\n<h4>Especifica\u00e7\u00f5es t\u00e9cnicas<\/h4>\n<div class=\"box-especificacao\">\n<table class=\"table table-striped\">\n<tbody>\n<tr>\n<td>TOCADOR<\/td>\n<td>MP3 Player<\/td>\n<\/tr>\n<tr>\n<td>SUPORTE<\/td>\n<td>Cart\u00e3o micro SD de at\u00e9 16GB<\/td>\n<\/tr>\n<tr>\n<td>M\u00d3DULO DE AMPLIFICA\u00c7\u00c3O<\/td>\n<td>Mono de 2W incorporado<\/td>\n<\/tr>\n<tr>\n<td>TENS\u00c3O DE OPERA\u00c7\u00c3O<\/td>\n<td>3.7 &#8211; 5V<\/td>\n<\/tr>\n<\/tbody>\n<\/table>\n<\/div>\n<h4>Acompanha<\/h4>\n<div class=\"box-acompanha\">\n<table class=\"table table-striped\">\n<thead>\n<tr>\n<th>Quantidade<\/th>\n<th>Descri\u00e7\u00e3o<\/th>\n<\/tr>\n<\/thead>\n<tbody>\n<tr>\n<td>01<\/td>\n<td>M\u00f3dulo MP3 Cart\u00e3o de Mem\u00f3ria FT<\/td>\n<\/tr>\n<\/tbody>\n<\/table>\n<\/div>\n<\/div>\n","protected":false},"excerpt":{"rendered":"<p>Descri\u00e7\u00e3o Este\u00a0M\u00f3dulo\u00a0MP3 TF com slot para cart\u00e3o de mem\u00f3ria micro SD pode reproduzir T\/cart\u00e3o SD, disco U, FM e fonte de \u00e1udio externa (LineIn), em seguida, inserir a primeira transmiss\u00e3o,<\/p>\n","protected":false},"featured_media":9194,"comment_status":"open","ping_status":"closed","template":"","meta":{"_acf_changed":false},"product_cat":[160],"product_tag":[],"acf":[],"_links":{"self":[{"href":"https:\/\/robokid.com.br\/loja\/wp-json\/wp\/v2\/product\/9193"}],"collection":[{"href":"https:\/\/robokid.com.br\/loja\/wp-json\/wp\/v2\/product"}],"about":[{"href":"https:\/\/robokid.com.br\/loja\/wp-json\/wp\/v2\/types\/product"}],"replies":[{"embeddable":true,"href":"https:\/\/robokid.com.br\/loja\/wp-json\/wp\/v2\/comments?post=9193"}],"wp:featuredmedia":[{"embeddable":true,"href":"https:\/\/robokid.com.br\/loja\/wp-json\/wp\/v2\/media\/9194"}],"wp:attachment":[{"href":"https:\/\/robokid.com.br\/loja\/wp-json\/wp\/v2\/media?parent=9193"}],"wp:term":[{"taxonomy":"product_cat","embeddable":true,"href":"https:\/\/robokid.com.br\/loja\/wp-json\/wp\/v2\/product_cat?post=9193"},{"taxonomy":"product_tag","embeddable":true,"href":"https:\/\/robokid.com.br\/loja\/wp-json\/wp\/v2\/product_tag?post=9193"}],"curies":[{"name":"wp","href":"https:\/\/api.w.org\/{rel}","templated":true}]}}