{"id":9191,"date":"2023-12-25T03:05:47","date_gmt":"2023-12-25T06:05:47","guid":{"rendered":"https:\/\/robokid.com.br\/loja\/?post_type=product&#038;p=9191"},"modified":"2023-12-29T17:11:12","modified_gmt":"2023-12-29T20:11:12","slug":"modulo-sensor-de-chuva-e-umidade-com-acionamento-de-rele","status":"publish","type":"product","link":"https:\/\/robokid.com.br\/loja\/produto\/modulo-sensor-de-chuva-e-umidade-com-acionamento-de-rele\/","title":{"rendered":"M\u00f3dulo Sensor de Chuva e Umidade com Acionamento de Rel\u00e9"},"content":{"rendered":"<h4>Descri\u00e7\u00e3o<\/h4>\n<div class=\"box-descricao\">\n<p>O\u00a0<a href=\"https:\/\/www.eletrogate.com\/sensores-e-modulos\"><strong>sensor<\/strong><\/a>\u00a0\u00e9 dupla-face e possui, aproximadamente, 5 x 4 cm de superf\u00edcie. As trilhas s\u00e3o niqueladas, aumentando sua vida \u00fatil. \u00c9 poss\u00edvel, por meio do trimpot, ajustar a sensibilidade do m\u00f3dulo. Quando o sensor est\u00e1 submetido \u00e0 umidade configurada pelo potenci\u00f4metro, o rel\u00e9 \u00e9 acionado. Quando n\u00e3o est\u00e1, o rel\u00e9 \u00e9 desarmado.<\/p>\n<\/div>\n<h4>Especifica\u00e7\u00f5es t\u00e9cnicas<\/h4>\n<div class=\"box-especificacao\">\n<table class=\"table table-striped\">\n<tbody>\n<tr>\n<td>FONTE DE ALIMENTA\u00c7\u00c3O DO M\u00d3DULO<\/td>\n<td>12V<\/td>\n<\/tr>\n<tr>\n<td>CORRENTE QUIESCENTE<\/td>\n<td>5-12mA<\/td>\n<\/tr>\n<tr>\n<td>CAPACIDADE DE CARGA DO REL\u00c9<\/td>\n<td>250V 10A (CA) 30V 10A (CC)<\/td>\n<\/tr>\n<\/tbody>\n<\/table>\n<\/div>\n<h4>Acompanha<\/h4>\n<div class=\"box-acompanha\">\n<table class=\"table table-striped\">\n<thead>\n<tr>\n<th>Quantidade<\/th>\n<th>Descri\u00e7\u00e3o<\/th>\n<\/tr>\n<\/thead>\n<tbody>\n<tr>\n<td>01<\/td>\n<td>Sensor de chuva<\/td>\n<\/tr>\n<tr>\n<td>01<\/td>\n<td>Placa de controle com Rel\u00e9<\/td>\n<\/tr>\n<tr>\n<td>01<\/td>\n<td>Cabo de Conex\u00e3o<\/td>\n<\/tr>\n<\/tbody>\n<\/table>\n<\/div>\n","protected":false},"excerpt":{"rendered":"<p>Descri\u00e7\u00e3o O\u00a0sensor\u00a0\u00e9 dupla-face e possui, aproximadamente, 5 x 4 cm de superf\u00edcie. As trilhas s\u00e3o niqueladas, aumentando sua vida \u00fatil. \u00c9 poss\u00edvel, por meio do trimpot, ajustar a sensibilidade do<\/p>\n","protected":false},"featured_media":9192,"comment_status":"open","ping_status":"closed","template":"","meta":{"_acf_changed":false},"product_cat":[160],"product_tag":[],"acf":[],"_links":{"self":[{"href":"https:\/\/robokid.com.br\/loja\/wp-json\/wp\/v2\/product\/9191"}],"collection":[{"href":"https:\/\/robokid.com.br\/loja\/wp-json\/wp\/v2\/product"}],"about":[{"href":"https:\/\/robokid.com.br\/loja\/wp-json\/wp\/v2\/types\/product"}],"replies":[{"embeddable":true,"href":"https:\/\/robokid.com.br\/loja\/wp-json\/wp\/v2\/comments?post=9191"}],"wp:featuredmedia":[{"embeddable":true,"href":"https:\/\/robokid.com.br\/loja\/wp-json\/wp\/v2\/media\/9192"}],"wp:attachment":[{"href":"https:\/\/robokid.com.br\/loja\/wp-json\/wp\/v2\/media?parent=9191"}],"wp:term":[{"taxonomy":"product_cat","embeddable":true,"href":"https:\/\/robokid.com.br\/loja\/wp-json\/wp\/v2\/product_cat?post=9191"},{"taxonomy":"product_tag","embeddable":true,"href":"https:\/\/robokid.com.br\/loja\/wp-json\/wp\/v2\/product_tag?post=9191"}],"curies":[{"name":"wp","href":"https:\/\/api.w.org\/{rel}","templated":true}]}}