{"id":9188,"date":"2023-12-25T02:59:40","date_gmt":"2023-12-25T05:59:40","guid":{"rendered":"https:\/\/robokid.com.br\/loja\/?post_type=product&#038;p=9188"},"modified":"2023-12-25T16:26:34","modified_gmt":"2023-12-25T19:26:34","slug":"modulo-seguidor-de-linha-5-canais-tcrt5000","status":"publish","type":"product","link":"https:\/\/robokid.com.br\/loja\/produto\/modulo-seguidor-de-linha-5-canais-tcrt5000\/","title":{"rendered":"M\u00f3dulo Seguidor de Linha 5 Canais &#8211; TCRT5000"},"content":{"rendered":"<h4>Descri\u00e7\u00e3o<\/h4>\n<div class=\"box-descricao\">\n<p>Este m\u00f3dulo seguidor de linha possui 5 sensores reflexivos TCRT5000 que cont\u00e9m um foto diodo e um foto transistor no mesmo encapsulamento. Isso possibilita o m\u00f3dulo identificar linhas e\/ou objetos brancos, pretos e at\u00e9 mesmo cores intermedi\u00e1rias.<\/p>\n<p>Cada TCRT5000 emite continuamente raios infravermelhos e dependendo da superf\u00edcie, a luz \u00e9 refletida e detectada pelo seu foto transistor. Quando a luz \u00e9 refletida, o sinal aciona uma porta do circuito inversor Schmitt Trigger 74HC04D, que coloca em n\u00edvel alto a sa\u00edda correspondente. O m\u00f3dulo disp\u00f5em de um LED indicador por sa\u00edda, al\u00e9m de LED indicador de alimenta\u00e7\u00e3o presente.<\/p>\n<\/div>\n<h4>Especifica\u00e7\u00f5es t\u00e9cnicas<\/h4>\n<div class=\"box-especificacao\">\n<table class=\"table table-striped\">\n<tbody>\n<tr>\n<td>TENS\u00c3O DE OPERA\u00c7\u00c3O<\/td>\n<td>5V<\/td>\n<\/tr>\n<tr>\n<td>DIMENS\u00d5ES<\/td>\n<td>96.5 x 20.3mm<\/td>\n<\/tr>\n<tr>\n<td>SENSOR<\/td>\n<td>TCRT5000<\/td>\n<\/tr>\n<tr>\n<td>TIPO DE SA\u00cdDA<\/td>\n<td>Digital<\/td>\n<\/tr>\n<tr>\n<td>N\u00cdVEL DA SA\u00cdDA DIGITAL<\/td>\n<td>5V<\/td>\n<\/tr>\n<\/tbody>\n<\/table>\n<\/div>\n<h4>Acompanha<\/h4>\n<div class=\"box-acompanha\">\n<table class=\"table table-striped\">\n<thead>\n<tr>\n<th>Quantidade<\/th>\n<th>Descri\u00e7\u00e3o<\/th>\n<\/tr>\n<\/thead>\n<tbody>\n<tr>\n<td>01<\/td>\n<td>M\u00f3dulo Seguidor de Linha 5 Canais &#8211; TCRT5000<\/td>\n<\/tr>\n<tr>\n<td>06<\/td>\n<td>Jumpers para conex\u00e3o<\/td>\n<\/tr>\n<\/tbody>\n<\/table>\n<\/div>\n","protected":false},"excerpt":{"rendered":"<p>Descri\u00e7\u00e3o Este m\u00f3dulo seguidor de linha possui 5 sensores reflexivos TCRT5000 que cont\u00e9m um foto diodo e um foto transistor no mesmo encapsulamento. Isso possibilita o m\u00f3dulo identificar linhas e\/ou<\/p>\n","protected":false},"featured_media":9190,"comment_status":"open","ping_status":"closed","template":"","meta":{"_acf_changed":false},"product_cat":[160],"product_tag":[],"acf":[],"_links":{"self":[{"href":"https:\/\/robokid.com.br\/loja\/wp-json\/wp\/v2\/product\/9188"}],"collection":[{"href":"https:\/\/robokid.com.br\/loja\/wp-json\/wp\/v2\/product"}],"about":[{"href":"https:\/\/robokid.com.br\/loja\/wp-json\/wp\/v2\/types\/product"}],"replies":[{"embeddable":true,"href":"https:\/\/robokid.com.br\/loja\/wp-json\/wp\/v2\/comments?post=9188"}],"wp:featuredmedia":[{"embeddable":true,"href":"https:\/\/robokid.com.br\/loja\/wp-json\/wp\/v2\/media\/9190"}],"wp:attachment":[{"href":"https:\/\/robokid.com.br\/loja\/wp-json\/wp\/v2\/media?parent=9188"}],"wp:term":[{"taxonomy":"product_cat","embeddable":true,"href":"https:\/\/robokid.com.br\/loja\/wp-json\/wp\/v2\/product_cat?post=9188"},{"taxonomy":"product_tag","embeddable":true,"href":"https:\/\/robokid.com.br\/loja\/wp-json\/wp\/v2\/product_tag?post=9188"}],"curies":[{"name":"wp","href":"https:\/\/api.w.org\/{rel}","templated":true}]}}