{"id":9184,"date":"2023-12-25T02:39:49","date_gmt":"2023-12-25T05:39:49","guid":{"rendered":"https:\/\/robokid.com.br\/loja\/?post_type=product&#038;p=9184"},"modified":"2023-12-25T02:39:50","modified_gmt":"2023-12-25T05:39:50","slug":"sensor-de-chama-fogo-4-pinos","status":"publish","type":"product","link":"https:\/\/robokid.com.br\/loja\/produto\/sensor-de-chama-fogo-4-pinos\/","title":{"rendered":"Sensor de Chama \/ Fogo &#8211; 4 Pinos"},"content":{"rendered":"<h4>Descri\u00e7\u00e3o<\/h4>\n<div class=\"box-descricao\">\n<p>Este sensor pode ser usado para detectar fontes de chama ou outras fontes de calor que possuam tamanho de onda entre 760 a 1100 nm. Seu \u00e2ngulo de detec\u00e7\u00e3o pode chegar a 60 graus e no meio de sua placa h\u00e1 um buraco onde se encaixa um parafuso com o objetivo de direcionar o sensor conforme desejado. Quando \u00e9 detectado alguma fonte de calor a sa\u00edda digital do sensor fica em estado alto e, quando n\u00e3o h\u00e1 detec\u00e7\u00e3o, em estado baixo. Este limite pode ser ajustado atrav\u00e9s do potenci\u00f4metro presente no sensor que regular\u00e1 a sa\u00edda digital D0. O m\u00f3dulo tamb\u00e9m possui uma sa\u00edda anal\u00f3gica, que permite o monitoramento da intensidade dessa fonte de calor.<\/p>\n<\/div>\n<h4>Especifica\u00e7\u00f5es t\u00e9cnicas<\/h4>\n<div class=\"box-especificacao\">\n<table class=\"table table-striped\">\n<tbody>\n<tr>\n<td>TENS\u00c3O DE OPERA\u00c7\u00c3O<\/td>\n<td>3,3-5v<\/td>\n<\/tr>\n<tr>\n<td>CORRENTE DE SA\u00cdDA<\/td>\n<td>15mA<\/td>\n<\/tr>\n<tr>\n<td>INFORMA\u00c7\u00c3O<\/td>\n<td>Sensibilidade ajust\u00e1vel via potenci\u00f4metro<\/td>\n<\/tr>\n<tr>\n<td>SA\u00cdDA<\/td>\n<td>Anal\u00f3gica e Digital<\/td>\n<\/tr>\n<tr>\n<td>CARACTER\u00cdSTICA<\/td>\n<td>F\u00e1cil instala\u00e7\u00e3o<\/td>\n<\/tr>\n<tr>\n<td>LED INDICADOR PARA<\/td>\n<td>tens\u00e3o<\/td>\n<\/tr>\n<tr>\n<td>LED INDICADOR PARA<\/td>\n<td>sa\u00edda digital<\/td>\n<\/tr>\n<tr>\n<td>COMPARADOR<\/td>\n<td>LM393<\/td>\n<\/tr>\n<tr>\n<td>DIMENS\u00d5ES<\/td>\n<td>3,6&#215;1,5 cm<\/td>\n<\/tr>\n<\/tbody>\n<\/table>\n<p><strong>Pinagem<\/strong><\/p>\n<table class=\"table table-striped\">\n<tbody>\n<tr>\n<td>+<\/td>\n<td>3,3-5V<\/td>\n<\/tr>\n<tr>\n<td>G<\/td>\n<td>GND<\/td>\n<\/tr>\n<tr>\n<td>DO<\/td>\n<td>Sa\u00edda Digital<\/td>\n<\/tr>\n<tr>\n<td>AO<\/td>\n<td>Sa\u00edda Anal\u00f3gica<\/td>\n<\/tr>\n<\/tbody>\n<\/table>\n<\/div>\n<h4>Acompanha<\/h4>\n<div class=\"box-acompanha\">\n<table class=\"table table-striped\">\n<thead>\n<tr>\n<th>Quantidade<\/th>\n<th>Descri\u00e7\u00e3o<\/th>\n<\/tr>\n<\/thead>\n<tbody>\n<tr>\n<td>01<\/td>\n<td>Sensor de chama<\/td>\n<\/tr>\n<\/tbody>\n<\/table>\n<\/div>\n","protected":false},"excerpt":{"rendered":"<p>Descri\u00e7\u00e3o Este sensor pode ser usado para detectar fontes de chama ou outras fontes de calor que possuam tamanho de onda entre 760 a 1100 nm. Seu \u00e2ngulo de detec\u00e7\u00e3o<\/p>\n","protected":false},"featured_media":9185,"comment_status":"open","ping_status":"closed","template":"","meta":{"_acf_changed":false},"product_cat":[160],"product_tag":[],"acf":[],"_links":{"self":[{"href":"https:\/\/robokid.com.br\/loja\/wp-json\/wp\/v2\/product\/9184"}],"collection":[{"href":"https:\/\/robokid.com.br\/loja\/wp-json\/wp\/v2\/product"}],"about":[{"href":"https:\/\/robokid.com.br\/loja\/wp-json\/wp\/v2\/types\/product"}],"replies":[{"embeddable":true,"href":"https:\/\/robokid.com.br\/loja\/wp-json\/wp\/v2\/comments?post=9184"}],"wp:featuredmedia":[{"embeddable":true,"href":"https:\/\/robokid.com.br\/loja\/wp-json\/wp\/v2\/media\/9185"}],"wp:attachment":[{"href":"https:\/\/robokid.com.br\/loja\/wp-json\/wp\/v2\/media?parent=9184"}],"wp:term":[{"taxonomy":"product_cat","embeddable":true,"href":"https:\/\/robokid.com.br\/loja\/wp-json\/wp\/v2\/product_cat?post=9184"},{"taxonomy":"product_tag","embeddable":true,"href":"https:\/\/robokid.com.br\/loja\/wp-json\/wp\/v2\/product_tag?post=9184"}],"curies":[{"name":"wp","href":"https:\/\/api.w.org\/{rel}","templated":true}]}}