{"id":9182,"date":"2023-12-25T02:34:59","date_gmt":"2023-12-25T05:34:59","guid":{"rendered":"https:\/\/robokid.com.br\/loja\/?post_type=product&#038;p=9182"},"modified":"2023-12-25T02:35:00","modified_gmt":"2023-12-25T05:35:00","slug":"display-oled-128x32-i2c-azul-0-91","status":"publish","type":"product","link":"https:\/\/robokid.com.br\/loja\/produto\/display-oled-128x32-i2c-azul-0-91\/","title":{"rendered":"Display OLED 128&#215;32 I2C Azul 0.91&#8243;"},"content":{"rendered":"<p>Display OLED I2C azul possui alto contraste e excelente nitidez, indicado para projetos compactos operados por bateria j\u00e1 que o display OLED n\u00e3o possui backlight, consequentemente consumindo menos energia para funcionar.<\/p>\n<p>O display tem o tamanho de 0.91\u2033, resolu\u00e7\u00e3o de 128 x 32 pixels e interface de comunica\u00e7\u00e3o I2C. Pode ser usado para mostrar informa\u00e7\u00f5es de data, hora, temperatura, redes WiFi, status de dispositivos e outras informa\u00e7\u00f5es, tanto em formato de gr\u00e1fico como em texto.<\/p>\n","protected":false},"excerpt":{"rendered":"<p>Display OLED I2C azul possui alto contraste e excelente nitidez, indicado para projetos compactos operados por bateria j\u00e1 que o display OLED n\u00e3o possui backlight, consequentemente consumindo menos energia para<\/p>\n","protected":false},"featured_media":9183,"comment_status":"open","ping_status":"closed","template":"","meta":{"_acf_changed":false},"product_cat":[160],"product_tag":[],"acf":[],"_links":{"self":[{"href":"https:\/\/robokid.com.br\/loja\/wp-json\/wp\/v2\/product\/9182"}],"collection":[{"href":"https:\/\/robokid.com.br\/loja\/wp-json\/wp\/v2\/product"}],"about":[{"href":"https:\/\/robokid.com.br\/loja\/wp-json\/wp\/v2\/types\/product"}],"replies":[{"embeddable":true,"href":"https:\/\/robokid.com.br\/loja\/wp-json\/wp\/v2\/comments?post=9182"}],"wp:featuredmedia":[{"embeddable":true,"href":"https:\/\/robokid.com.br\/loja\/wp-json\/wp\/v2\/media\/9183"}],"wp:attachment":[{"href":"https:\/\/robokid.com.br\/loja\/wp-json\/wp\/v2\/media?parent=9182"}],"wp:term":[{"taxonomy":"product_cat","embeddable":true,"href":"https:\/\/robokid.com.br\/loja\/wp-json\/wp\/v2\/product_cat?post=9182"},{"taxonomy":"product_tag","embeddable":true,"href":"https:\/\/robokid.com.br\/loja\/wp-json\/wp\/v2\/product_tag?post=9182"}],"curies":[{"name":"wp","href":"https:\/\/api.w.org\/{rel}","templated":true}]}}