{"id":9180,"date":"2023-12-25T02:28:03","date_gmt":"2023-12-25T05:28:03","guid":{"rendered":"https:\/\/robokid.com.br\/loja\/?post_type=product&#038;p=9180"},"modified":"2024-03-21T19:06:17","modified_gmt":"2024-03-21T22:06:17","slug":"caixa-de-som-bluetooth-portatil-com-radio-usb-cartao-sd-grasep-d-s4144","status":"publish","type":"product","link":"https:\/\/robokid.com.br\/loja\/produto\/caixa-de-som-bluetooth-portatil-com-radio-usb-cartao-sd-grasep-d-s4144\/","title":{"rendered":"Caixa de Som Bluetooth Portatil com Radio USB\/Cart\u00e3o SD GRASEP &#8211; D-S4144"},"content":{"rendered":"<p><strong class=\"desctitle\">DETALHES DO PRODUTO:<\/strong><\/p>\n<h2>Caixa de Som Bluetooth<\/h2>\n<p>Leve a m\u00fasica com voc\u00ea para onde quer que v\u00e1 com a\u00a0<strong>Caixa de Som Bluetooth GRASEP D-S4144<\/strong>. Este dispositivo port\u00e1til oferece uma experi\u00eancia sonora excepcional em um pacote compacto e elegante. Com uma variedade de recursos impressionantes, ele \u00e9 a escolha perfeita para os amantes da m\u00fasica em movimento.<\/p>\n<h2>Principais Caracter\u00edsticas:<\/h2>\n<p><strong>\u00c1udio de Alta Qualidade:<\/strong>\u00a0Desfrute de som n\u00edtido e poderoso com o alto-falante de alta qualidade incorporado, que oferece \u00e1udio cristalino para suas m\u00fasicas e programas favoritos.<\/p>\n<p><strong>Conex\u00e3o Bluetooth Vers\u00e1til:<\/strong>\u00a0Conecte-se facilmente a dispositivos compat\u00edveis via Bluetooth, permitindo reprodu\u00e7\u00e3o sem fio conveniente de sua biblioteca musical.<\/p>\n<p><strong>R\u00e1dio FM Integrado:<\/strong>\u00a0Sintonize suas esta\u00e7\u00f5es de r\u00e1dio preferidas para acompanhar as \u00faltimas not\u00edcias, esportes e m\u00fasicas, tudo isso diretamente na sua caixa de som.<\/p>\n<p><strong>Leitor de Cart\u00e3o de Mem\u00f3ria e USB:<\/strong>\u00a0Reproduza m\u00fasicas diretamente a partir de um cart\u00e3o de mem\u00f3ria ou unidade flash USB, proporcionando uma sele\u00e7\u00e3o variada de op\u00e7\u00f5es de reprodu\u00e7\u00e3o.<\/p>\n<p><strong>Bateria de Longa Dura\u00e7\u00e3o:<\/strong>\u00a0Com sua bateria interna de alta capacidade, a D-S4144 mant\u00e9m a festa acontecendo por horas a fio sem a necessidade de recargas constantes.<\/p>\n<p><strong>Controles Intuitivos:<\/strong>\u00a0Gerencie facilmente a reprodu\u00e7\u00e3o, ajuste o volume e mude de faixa com os controles intuitivos e de f\u00e1cil acesso no painel da caixa de som.<\/p>\n<p><strong>Design Port\u00e1til e Elegante:<\/strong>\u00a0Seu design compacto e moderno, aliado a uma al\u00e7a de transporte integrada, torna este dispositivo perfeito para viagens, passeios ao ar livre ou simplesmente para ter em casa.<\/p>\n<h2><strong>Especifica\u00e7\u00f5es:<\/strong><\/h2>\n<p>Pot\u00eancia: 12W RMS<\/p>\n<p>Alimenta\u00e7\u00e3o: 5Vdc (Via Porta USB)<\/p>\n<p>Capacidade da bateria interna:800 mAh<\/p>\n<p>Frequ\u00eancia de Resposta: 150Hz~18000Hz<\/p>\n<p>Imped\u00e2ncia: 2 Ohms<\/p>\n<p>Sensibilidade: &gt;80dB<\/p>\n<p>Di\u00e2metro do Alto-falante: 10 cm<\/p>\n<p>Dimens\u00f5es: 13.5*8*20cm (C x L x A)<\/p>\n<p>&nbsp;<\/p>\n<p><strong>Obs.<\/strong>\u00a0Imagens meramente ilustrativas. Cores, tamanhos e embalagem podem variar de acordo com o lote e o fabricante. Cores enviadas de forma sortida, de acordo com a disponibilidade em estoque.<\/p>\n","protected":false},"excerpt":{"rendered":"<p>DETALHES DO PRODUTO: Caixa de Som Bluetooth Leve a m\u00fasica com voc\u00ea para onde quer que v\u00e1 com a\u00a0Caixa de Som Bluetooth GRASEP D-S4144. Este dispositivo port\u00e1til oferece uma experi\u00eancia<\/p>\n","protected":false},"featured_media":9181,"comment_status":"open","ping_status":"closed","template":"","meta":{"_acf_changed":false},"product_cat":[151],"product_tag":[],"acf":[],"_links":{"self":[{"href":"https:\/\/robokid.com.br\/loja\/wp-json\/wp\/v2\/product\/9180"}],"collection":[{"href":"https:\/\/robokid.com.br\/loja\/wp-json\/wp\/v2\/product"}],"about":[{"href":"https:\/\/robokid.com.br\/loja\/wp-json\/wp\/v2\/types\/product"}],"replies":[{"embeddable":true,"href":"https:\/\/robokid.com.br\/loja\/wp-json\/wp\/v2\/comments?post=9180"}],"wp:featuredmedia":[{"embeddable":true,"href":"https:\/\/robokid.com.br\/loja\/wp-json\/wp\/v2\/media\/9181"}],"wp:attachment":[{"href":"https:\/\/robokid.com.br\/loja\/wp-json\/wp\/v2\/media?parent=9180"}],"wp:term":[{"taxonomy":"product_cat","embeddable":true,"href":"https:\/\/robokid.com.br\/loja\/wp-json\/wp\/v2\/product_cat?post=9180"},{"taxonomy":"product_tag","embeddable":true,"href":"https:\/\/robokid.com.br\/loja\/wp-json\/wp\/v2\/product_tag?post=9180"}],"curies":[{"name":"wp","href":"https:\/\/api.w.org\/{rel}","templated":true}]}}