{"id":9177,"date":"2023-12-25T00:23:35","date_gmt":"2023-12-25T03:23:35","guid":{"rendered":"https:\/\/robokid.com.br\/loja\/?post_type=product&#038;p=9177"},"modified":"2023-12-26T23:51:46","modified_gmt":"2023-12-27T02:51:46","slug":"modulo-sensor-de-chuva-nivel-de-agua","status":"publish","type":"product","link":"https:\/\/robokid.com.br\/loja\/produto\/modulo-sensor-de-chuva-nivel-de-agua\/","title":{"rendered":"M\u00f3dulo Sensor de Chuva \/ N\u00edvel de \u00c1gua"},"content":{"rendered":"<p>Este m\u00f3dulo\u00a0<strong>sensor<\/strong>\u00a0pode estimar o n\u00edvel de \u00e1gua atrav\u00e9s de condutores paralelos que entram em curto quando \u00e9 molhado por algum l\u00edquido. Facilmente converte o n\u00edvel de \u00e1gua em sinal anal\u00f3gico, que pode ser enviado diretamente para a\u00a0<strong>placa Arduino<\/strong>.<\/p>\n<p>O intuito deste sensor \u00e9 detectar chuva, onde poder\u00e1 ser utilizado em automa\u00e7\u00e3o residencial, como fechamento de janelas, fechamento de teto solar, etc.\u00a0 Ao cair \u00e1gua em cima do sensor, este ir\u00e1 entrar em curto-circuito, mudando o valor do sinal anal\u00f3gico. Pode ser usado tamb\u00e9m em projetos de n\u00edvel de l\u00edquidos, como tanques e cisternas. Quando o n\u00edvel do l\u00edquido (\u00e1gua por exemplo) atingir o sensor, o sinal anal\u00f3gico varia e avisa o arduino para que ele envie o comando de cessar o fluxo de \u00e1gua, por exemplo.<\/p>\n<p>A placa do Sensor de Chuva \u00e9 revestida em ambos os lados com um tratamento de n\u00edquel contra oxida\u00e7\u00e3o, melhorando assim a condutividade, desempenho e dura\u00e7\u00e3o.<\/p>\n","protected":false},"excerpt":{"rendered":"<p>Este m\u00f3dulo\u00a0sensor\u00a0pode estimar o n\u00edvel de \u00e1gua atrav\u00e9s de condutores paralelos que entram em curto quando \u00e9 molhado por algum l\u00edquido. Facilmente converte o n\u00edvel de \u00e1gua em sinal anal\u00f3gico,<\/p>\n","protected":false},"featured_media":9178,"comment_status":"open","ping_status":"closed","template":"","meta":{"_acf_changed":false},"product_cat":[160],"product_tag":[],"acf":[],"_links":{"self":[{"href":"https:\/\/robokid.com.br\/loja\/wp-json\/wp\/v2\/product\/9177"}],"collection":[{"href":"https:\/\/robokid.com.br\/loja\/wp-json\/wp\/v2\/product"}],"about":[{"href":"https:\/\/robokid.com.br\/loja\/wp-json\/wp\/v2\/types\/product"}],"replies":[{"embeddable":true,"href":"https:\/\/robokid.com.br\/loja\/wp-json\/wp\/v2\/comments?post=9177"}],"wp:featuredmedia":[{"embeddable":true,"href":"https:\/\/robokid.com.br\/loja\/wp-json\/wp\/v2\/media\/9178"}],"wp:attachment":[{"href":"https:\/\/robokid.com.br\/loja\/wp-json\/wp\/v2\/media?parent=9177"}],"wp:term":[{"taxonomy":"product_cat","embeddable":true,"href":"https:\/\/robokid.com.br\/loja\/wp-json\/wp\/v2\/product_cat?post=9177"},{"taxonomy":"product_tag","embeddable":true,"href":"https:\/\/robokid.com.br\/loja\/wp-json\/wp\/v2\/product_tag?post=9177"}],"curies":[{"name":"wp","href":"https:\/\/api.w.org\/{rel}","templated":true}]}}