{"id":9173,"date":"2023-12-25T00:15:50","date_gmt":"2023-12-25T03:15:50","guid":{"rendered":"https:\/\/robokid.com.br\/loja\/?post_type=product&#038;p=9173"},"modified":"2023-12-25T00:17:25","modified_gmt":"2023-12-25T03:17:25","slug":"modulo-chave-fim-de-curso-crash","status":"publish","type":"product","link":"https:\/\/robokid.com.br\/loja\/produto\/modulo-chave-fim-de-curso-crash\/","title":{"rendered":"M\u00f3dulo Chave Fim de Curso &#8211; Crash"},"content":{"rendered":"<p>M\u00f3dulo Chave Fim de Curso \u00e9 um pequeno interruptor micro switch integrado \u00e0 uma placa com resistores e terminais podendo ser utilizado para as mais diversas finalidades.<\/p>\n","protected":false},"excerpt":{"rendered":"<p>M\u00f3dulo Chave Fim de Curso \u00e9 um pequeno interruptor micro switch integrado \u00e0 uma placa com resistores e terminais podendo ser utilizado para as mais diversas finalidades.<\/p>\n","protected":false},"featured_media":9174,"comment_status":"open","ping_status":"closed","template":"","meta":{"_acf_changed":false},"product_cat":[160],"product_tag":[],"acf":[],"_links":{"self":[{"href":"https:\/\/robokid.com.br\/loja\/wp-json\/wp\/v2\/product\/9173"}],"collection":[{"href":"https:\/\/robokid.com.br\/loja\/wp-json\/wp\/v2\/product"}],"about":[{"href":"https:\/\/robokid.com.br\/loja\/wp-json\/wp\/v2\/types\/product"}],"replies":[{"embeddable":true,"href":"https:\/\/robokid.com.br\/loja\/wp-json\/wp\/v2\/comments?post=9173"}],"wp:featuredmedia":[{"embeddable":true,"href":"https:\/\/robokid.com.br\/loja\/wp-json\/wp\/v2\/media\/9174"}],"wp:attachment":[{"href":"https:\/\/robokid.com.br\/loja\/wp-json\/wp\/v2\/media?parent=9173"}],"wp:term":[{"taxonomy":"product_cat","embeddable":true,"href":"https:\/\/robokid.com.br\/loja\/wp-json\/wp\/v2\/product_cat?post=9173"},{"taxonomy":"product_tag","embeddable":true,"href":"https:\/\/robokid.com.br\/loja\/wp-json\/wp\/v2\/product_tag?post=9173"}],"curies":[{"name":"wp","href":"https:\/\/api.w.org\/{rel}","templated":true}]}}