{"id":9168,"date":"2023-12-24T16:27:20","date_gmt":"2023-12-24T19:27:20","guid":{"rendered":"https:\/\/robokid.com.br\/loja\/?post_type=product&#038;p=9168"},"modified":"2023-12-29T19:53:26","modified_gmt":"2023-12-29T22:53:26","slug":"kit-chassi-2wd-2-rodas-robo-para-arduino","status":"publish","type":"product","link":"https:\/\/robokid.com.br\/loja\/produto\/kit-chassi-2wd-2-rodas-robo-para-arduino\/","title":{"rendered":"Kit Chassi 2WD (2 rodas) Rob\u00f4 para Arduino"},"content":{"rendered":"<p>Kit Rob\u00f3tica de montagem de um chassi para aplica\u00e7\u00f5es rob\u00f3ticas e educacionais. O Chassi \u00e9 feito de acr\u00edcilo e acompanha uma pel\u00edcula adesiva para prote\u00e7\u00e3o contra arranhados. Ambos os motores DC possuem caixa de redu\u00e7\u00e3o (1:48) e s\u00e3o conectados independentemente em cada roda, sobrando assim uma roda boba (universal) para dar sustenta\u00e7\u00e3o ao Chassi.<\/p>\n<p>Pode ser usado em aplica\u00e7\u00f5es como rob\u00f4 segue-faixa, com sensor ultrass\u00f4nico para evitar obst\u00e1culos, medidor de dist\u00e2ncia, controle remoto e teste de velocidade.<\/p>\n","protected":false},"excerpt":{"rendered":"<p>Kit Rob\u00f3tica de montagem de um chassi para aplica\u00e7\u00f5es rob\u00f3ticas e educacionais. O Chassi \u00e9 feito de acr\u00edcilo e acompanha uma pel\u00edcula adesiva para prote\u00e7\u00e3o contra arranhados. Ambos os motores<\/p>\n","protected":false},"featured_media":9169,"comment_status":"open","ping_status":"closed","template":"","meta":{"_acf_changed":false},"product_cat":[160],"product_tag":[],"acf":[],"_links":{"self":[{"href":"https:\/\/robokid.com.br\/loja\/wp-json\/wp\/v2\/product\/9168"}],"collection":[{"href":"https:\/\/robokid.com.br\/loja\/wp-json\/wp\/v2\/product"}],"about":[{"href":"https:\/\/robokid.com.br\/loja\/wp-json\/wp\/v2\/types\/product"}],"replies":[{"embeddable":true,"href":"https:\/\/robokid.com.br\/loja\/wp-json\/wp\/v2\/comments?post=9168"}],"wp:featuredmedia":[{"embeddable":true,"href":"https:\/\/robokid.com.br\/loja\/wp-json\/wp\/v2\/media\/9169"}],"wp:attachment":[{"href":"https:\/\/robokid.com.br\/loja\/wp-json\/wp\/v2\/media?parent=9168"}],"wp:term":[{"taxonomy":"product_cat","embeddable":true,"href":"https:\/\/robokid.com.br\/loja\/wp-json\/wp\/v2\/product_cat?post=9168"},{"taxonomy":"product_tag","embeddable":true,"href":"https:\/\/robokid.com.br\/loja\/wp-json\/wp\/v2\/product_tag?post=9168"}],"curies":[{"name":"wp","href":"https:\/\/api.w.org\/{rel}","templated":true}]}}