{"id":9166,"date":"2023-12-24T16:23:31","date_gmt":"2023-12-24T19:23:31","guid":{"rendered":"https:\/\/robokid.com.br\/loja\/?post_type=product&#038;p=9166"},"modified":"2024-01-01T20:32:22","modified_gmt":"2024-01-01T23:32:22","slug":"kit-detector-de-metais-5v-para-projetos-diy","status":"publish","type":"product","link":"https:\/\/robokid.com.br\/loja\/produto\/kit-detector-de-metais-5v-para-projetos-diy\/","title":{"rendered":"Kit Detector de Metais 5V para Projetos &#8211; DIY"},"content":{"rendered":"<h4>Especifica\u00e7\u00f5es t\u00e9cnicas<\/h4>\n<p>Kit para montar.<\/p>\n<div class=\"box-especificacao\">\n<table class=\"table table-striped\">\n<tbody>\n<tr>\n<td>MODELO<\/td>\n<td>DM35<\/td>\n<\/tr>\n<tr>\n<td>TENS\u00c3O DC<\/td>\n<td>3.5 \u00e1 5V<\/td>\n<\/tr>\n<tr>\n<td>CAMPO DE DETEC\u00c7\u00c3O<\/td>\n<td>At\u00e9 20mm<\/td>\n<\/tr>\n<tr>\n<td>DIMENS\u00d5ES<\/td>\n<td>65 x 60 x 13mm<\/td>\n<\/tr>\n<\/tbody>\n<\/table>\n<\/div>\n","protected":false},"excerpt":{"rendered":"<p>Especifica\u00e7\u00f5es t\u00e9cnicas Kit para montar. MODELO DM35 TENS\u00c3O DC 3.5 \u00e1 5V CAMPO DE DETEC\u00c7\u00c3O At\u00e9 20mm DIMENS\u00d5ES 65 x 60 x 13mm<\/p>\n","protected":false},"featured_media":9167,"comment_status":"open","ping_status":"closed","template":"","meta":{"_acf_changed":false},"product_cat":[160],"product_tag":[],"acf":[],"_links":{"self":[{"href":"https:\/\/robokid.com.br\/loja\/wp-json\/wp\/v2\/product\/9166"}],"collection":[{"href":"https:\/\/robokid.com.br\/loja\/wp-json\/wp\/v2\/product"}],"about":[{"href":"https:\/\/robokid.com.br\/loja\/wp-json\/wp\/v2\/types\/product"}],"replies":[{"embeddable":true,"href":"https:\/\/robokid.com.br\/loja\/wp-json\/wp\/v2\/comments?post=9166"}],"wp:featuredmedia":[{"embeddable":true,"href":"https:\/\/robokid.com.br\/loja\/wp-json\/wp\/v2\/media\/9167"}],"wp:attachment":[{"href":"https:\/\/robokid.com.br\/loja\/wp-json\/wp\/v2\/media?parent=9166"}],"wp:term":[{"taxonomy":"product_cat","embeddable":true,"href":"https:\/\/robokid.com.br\/loja\/wp-json\/wp\/v2\/product_cat?post=9166"},{"taxonomy":"product_tag","embeddable":true,"href":"https:\/\/robokid.com.br\/loja\/wp-json\/wp\/v2\/product_tag?post=9166"}],"curies":[{"name":"wp","href":"https:\/\/api.w.org\/{rel}","templated":true}]}}