{"id":9161,"date":"2023-12-24T16:02:53","date_gmt":"2023-12-24T19:02:53","guid":{"rendered":"https:\/\/robokid.com.br\/loja\/?post_type=product&#038;p=9161"},"modified":"2023-12-25T20:54:18","modified_gmt":"2023-12-25T23:54:18","slug":"kit-arduino-iniciante","status":"publish","type":"product","link":"https:\/\/robokid.com.br\/loja\/produto\/kit-arduino-iniciante\/","title":{"rendered":"Kit Arduino Iniciante"},"content":{"rendered":"<p>Com este Kit voc\u00ea aprender\u00e1 na <b>pr\u00e1tica<\/b>\u00a0a criar diversos projetos:<\/p>\n<p>&nbsp;<\/p>\n<p><span class=\"projetoNumero\">1<\/span>Leitura de Sinais Anal\u00f3gicos com Potenci\u00f4metro<\/p>\n<p><span class=\"projetoNumero\">2<\/span>Divisores de Tens\u00e3o com Resistores<\/p>\n<p><span class=\"projetoNumero\">3<\/span>Controle de LED\u2019s com Bot\u00f5es<\/p>\n<p><span class=\"projetoNumero\">4<\/span>Acionamento de LED conforme do Luz Ambiente<\/p>\n<p><span class=\"projetoNumero\">5<\/span>Medindo a Temperatura do Ambiente<\/p>\n<p><span class=\"projetoNumero\">6<\/span>Contador com Display de 7 Segmentos<\/p>\n<p><span class=\"projetoNumero\">7<\/span>Acendendo um LED com Sensor Reflexivo Infravermelho<\/p>\n<h4>Acompanha (60 pe\u00e7as)<\/h4>\n<div class=\"box-acompanha\">\n<table class=\"table table-striped\">\n<thead>\n<tr>\n<td>01<\/td>\n<td><a href=\"https:\/\/www.eletrogate.com\/uno-r3-smd-ch340\">Placa Uno R3 SMD CH340<\/a><\/td>\n<\/tr>\n<tr>\n<td>01<\/td>\n<td>Cabo USB 2.0 de 30cm<\/td>\n<\/tr>\n<tr>\n<td>01<\/td>\n<td><a href=\"https:\/\/www.eletrogate.com\/protoboard-400-pontos\" target=\"_blank\" rel=\"noopener\">Protoboard 400 Pontos<\/a><\/td>\n<\/tr>\n<tr>\n<td>30<\/td>\n<td><a href=\"https:\/\/www.eletrogate.com\/jumpers-macho-macho-65-unidades\" target=\"_blank\" rel=\"noopener\">Jumper Macho-Macho<\/a><\/td>\n<\/tr>\n<tr>\n<td>01<\/td>\n<td><a href=\"https:\/\/www.eletrogate.com\/display-de-7-segmentos-com-1-digito-catodo\" target=\"_blank\" rel=\"noopener\">Display de 7 segmentos com 1 digito<\/a><\/td>\n<\/tr>\n<tr>\n<td>01<\/td>\n<td><a href=\"https:\/\/www.eletrogate.com\/sensor-optico-reflexivo-tcrt5000\" target=\"_blank\" rel=\"noopener\">Sensor \u00d3ptico Reflexivo Tcrt5000<\/a><\/td>\n<\/tr>\n<tr>\n<td>01<\/td>\n<td><a href=\"https:\/\/www.eletrogate.com\/termistor-ntc-5mm-10k\" target=\"_blank\" rel=\"noopener\">Sensor de Temperatura NTC<\/a><\/td>\n<\/tr>\n<tr>\n<td>01<\/td>\n<td><a href=\"https:\/\/www.eletrogate.com\/sensor-fotoresistor-ldr-de-5mm\" target=\"_blank\" rel=\"noopener\">Sensor de Luz LDR<\/a><\/td>\n<\/tr>\n<tr>\n<td>01<\/td>\n<td><a href=\"https:\/\/www.eletrogate.com\/buzzer-ativo-5v\" target=\"_blank\" rel=\"noopener\">Buzzer Ativo 5V<\/a><\/td>\n<\/tr>\n<tr>\n<td>02<\/td>\n<td><a href=\"https:\/\/www.eletrogate.com\/led-difuso-5mm-vermelho\" target=\"_blank\" rel=\"noopener\">LED Vermelho<\/a><\/td>\n<\/tr>\n<tr>\n<td>02<\/td>\n<td><a href=\"https:\/\/www.eletrogate.com\/led-difuso-5mm-amarelo\" target=\"_blank\" rel=\"noopener\">LED Amarelo<\/a><\/td>\n<\/tr>\n<tr>\n<td>02<\/td>\n<td><a href=\"https:\/\/www.eletrogate.com\/led-difuso-5mm-verde\" target=\"_blank\" rel=\"noopener\">LED Verde<\/a><\/td>\n<\/tr>\n<tr>\n<td>06<\/td>\n<td><a href=\"https:\/\/www.eletrogate.com\/resistor-330r-1-4w-10-unidades\" target=\"_blank\" rel=\"noopener\">Resistor 330\u03a9<\/a><\/td>\n<\/tr>\n<tr>\n<td>02<\/td>\n<td><a href=\"https:\/\/www.eletrogate.com\/resistor-1k-1-4w-10-unidades\" target=\"_blank\" rel=\"noopener\">Resistor 1K\u03a9<\/a><\/td>\n<\/tr>\n<tr>\n<td>02<\/td>\n<td><a href=\"https:\/\/www.eletrogate.com\/resistor-10k-1-4w-10-unidades\" target=\"_blank\" rel=\"noopener\">Resistor 10K\u03a9<\/a><\/td>\n<\/tr>\n<tr>\n<td>01<\/td>\n<td><a href=\"https:\/\/www.eletrogate.com\/potenciometro-linear-10k\" target=\"_blank\" rel=\"noopener\">Potenci\u00f4metro 10K\u03a9<\/a><\/td>\n<\/tr>\n<tr>\n<td>05<\/td>\n<td><a href=\"https:\/\/www.eletrogate.com\/push-button-chave-tactil-6x6x6mm\" target=\"_blank\" rel=\"noopener\">Chave Tactil (Push-Button)<\/a><\/td>\n<\/tr>\n<\/thead>\n<\/table>\n<\/div>\n","protected":false},"excerpt":{"rendered":"<p>Com este Kit voc\u00ea aprender\u00e1 na pr\u00e1tica\u00a0a criar diversos projetos: &nbsp; 1Leitura de Sinais Anal\u00f3gicos com Potenci\u00f4metro 2Divisores de Tens\u00e3o com Resistores 3Controle de LED\u2019s com Bot\u00f5es 4Acionamento de LED<\/p>\n","protected":false},"featured_media":9162,"comment_status":"open","ping_status":"closed","template":"","meta":{"_acf_changed":false},"product_cat":[160],"product_tag":[],"acf":[],"_links":{"self":[{"href":"https:\/\/robokid.com.br\/loja\/wp-json\/wp\/v2\/product\/9161"}],"collection":[{"href":"https:\/\/robokid.com.br\/loja\/wp-json\/wp\/v2\/product"}],"about":[{"href":"https:\/\/robokid.com.br\/loja\/wp-json\/wp\/v2\/types\/product"}],"replies":[{"embeddable":true,"href":"https:\/\/robokid.com.br\/loja\/wp-json\/wp\/v2\/comments?post=9161"}],"wp:featuredmedia":[{"embeddable":true,"href":"https:\/\/robokid.com.br\/loja\/wp-json\/wp\/v2\/media\/9162"}],"wp:attachment":[{"href":"https:\/\/robokid.com.br\/loja\/wp-json\/wp\/v2\/media?parent=9161"}],"wp:term":[{"taxonomy":"product_cat","embeddable":true,"href":"https:\/\/robokid.com.br\/loja\/wp-json\/wp\/v2\/product_cat?post=9161"},{"taxonomy":"product_tag","embeddable":true,"href":"https:\/\/robokid.com.br\/loja\/wp-json\/wp\/v2\/product_tag?post=9161"}],"curies":[{"name":"wp","href":"https:\/\/api.w.org\/{rel}","templated":true}]}}