{"id":9159,"date":"2023-12-24T15:47:02","date_gmt":"2023-12-24T18:47:02","guid":{"rendered":"https:\/\/robokid.com.br\/loja\/?post_type=product&#038;p=9159"},"modified":"2023-12-25T19:58:36","modified_gmt":"2023-12-25T22:58:36","slug":"placa-de-video-afox-geforce-gt420-4gb-ddr3-128bits-hdmi-dvi-vga-af420-4096d3l5-af420-409","status":"publish","type":"product","link":"https:\/\/robokid.com.br\/loja\/produto\/placa-de-video-afox-geforce-gt420-4gb-ddr3-128bits-hdmi-dvi-vga-af420-4096d3l5-af420-409\/","title":{"rendered":"Placa de Video Afox GeForce GT420 4GB DDR3 128Bits HDMI DVI VGA &#8211; AF420-4096D3L5 (AF420-409"},"content":{"rendered":"<p>&#8211; DESCRI\u00c7\u00c3O:<\/p>\n<p>Marca: AFOX<br \/>\nModelo: AF420-4096D3L5<\/p>\n<p>&#8211; ESPECIFICA\u00c7\u00d5ES:<br \/>\nTamanho de mem\u00f3ria 4 GB<br \/>\nTipo de mem\u00f3ria gr\u00e1fica DDR3<br \/>\nInterface com a placa-m\u00e3e PCI-Express 2.0 \/ 3.0<br \/>\nBus de mem\u00f3ria 128 bit<br \/>\nConectividade HDMI,DVI,VGA<br \/>\nMecanismo gr\u00e1fico: NVIDIA Geforce GT 420<br \/>\nPCI Express X16 padr\u00e3o<br \/>\nMem\u00f3ria de V\u00eddeo: DDR3 4096 MB<br \/>\nClock do N\u00facleo: 900 MHz<br \/>\nClock da Mem\u00f3ria: 1800 Mhz<br \/>\nCuda Cores: 48<br \/>\nInterface de mem\u00f3ria de 128 bits<br \/>\nResolu\u00e7\u00e3o m\u00e1xima VGA: 2048 x 1536<br \/>\nResolu\u00e7\u00e3o m\u00e1xima Digital: 2560 x 1600<br \/>\nSuporte de baixo perfil completo: 1slots x 2<\/p>\n<p>&#8211; Sa\u00eddas:<br \/>\nSa\u00edda DVI: 1x<br \/>\nSa\u00edda VGA: 1x<br \/>\nSa\u00edda HDMI: 1x<br \/>\nSuporte HDCP: Sim<\/p>\n<p>&#8211; CONTE\u00daDO DA EMBALAGEM:<br \/>\nPlaca de V\u00eddeo AFOX GT 420 &#8211; AF420-4096D3L5<br \/>\nEspelho Low Profile<br \/>\nManual<\/p>\n","protected":false},"excerpt":{"rendered":"<p>&#8211; DESCRI\u00c7\u00c3O: Marca: AFOX Modelo: AF420-4096D3L5 &#8211; ESPECIFICA\u00c7\u00d5ES: Tamanho de mem\u00f3ria 4 GB Tipo de mem\u00f3ria gr\u00e1fica DDR3 Interface com a placa-m\u00e3e PCI-Express 2.0 \/ 3.0 Bus de mem\u00f3ria 128<\/p>\n","protected":false},"featured_media":9160,"comment_status":"open","ping_status":"closed","template":"","meta":{"_acf_changed":false},"product_cat":[173,142],"product_tag":[],"acf":[],"_links":{"self":[{"href":"https:\/\/robokid.com.br\/loja\/wp-json\/wp\/v2\/product\/9159"}],"collection":[{"href":"https:\/\/robokid.com.br\/loja\/wp-json\/wp\/v2\/product"}],"about":[{"href":"https:\/\/robokid.com.br\/loja\/wp-json\/wp\/v2\/types\/product"}],"replies":[{"embeddable":true,"href":"https:\/\/robokid.com.br\/loja\/wp-json\/wp\/v2\/comments?post=9159"}],"wp:featuredmedia":[{"embeddable":true,"href":"https:\/\/robokid.com.br\/loja\/wp-json\/wp\/v2\/media\/9160"}],"wp:attachment":[{"href":"https:\/\/robokid.com.br\/loja\/wp-json\/wp\/v2\/media?parent=9159"}],"wp:term":[{"taxonomy":"product_cat","embeddable":true,"href":"https:\/\/robokid.com.br\/loja\/wp-json\/wp\/v2\/product_cat?post=9159"},{"taxonomy":"product_tag","embeddable":true,"href":"https:\/\/robokid.com.br\/loja\/wp-json\/wp\/v2\/product_tag?post=9159"}],"curies":[{"name":"wp","href":"https:\/\/api.w.org\/{rel}","templated":true}]}}