{"id":9156,"date":"2023-12-24T15:42:18","date_gmt":"2023-12-24T18:42:18","guid":{"rendered":"https:\/\/robokid.com.br\/loja\/?post_type=product&#038;p=9156"},"modified":"2023-12-25T18:33:34","modified_gmt":"2023-12-25T21:33:34","slug":"placa-mae-goldentec-gt-53752-h61-box-para-intel-lga-1155-memoria-ddr3-som-video","status":"publish","type":"product","link":"https:\/\/robokid.com.br\/loja\/produto\/placa-mae-goldentec-gt-53752-h61-box-para-intel-lga-1155-memoria-ddr3-som-video\/","title":{"rendered":"Placa M\u00e3e Goldentec GT-53752 H61 Box para Intel LGA 1155 Mem\u00f3ria DDR3 Som Video"},"content":{"rendered":"<p>&#8211; DESCRI\u00c7\u00c3O:<br \/>\nPlaca m\u00e3e 1155 DDR3 H61 com suporte para Gibabit e M2<br \/>\nMarca: Goldentec<br \/>\nModelo: GT-53752<\/p>\n<p>&#8211; ESPECIFICA\u00c7\u00d5ES T\u00c9CNICAS<br \/>\nProcessador: Suporta os processadores Intel Core i7 \/ Core i5 \/ Core i3 no soquete LGA1155<br \/>\nCom mem\u00f3ria e controladores PCI Express integrados<br \/>\nChipset: H61<br \/>\nSuporte de mem\u00f3ria: 2 slots DImms (240 pinos \/ 1,5 V) Suporta 16 GB<br \/>\nBIOS: BIOS EFI<br \/>\n\u00c1udio: Chip integrado pelo Realtek ALC662 At\u00e9 5.1 Canais HD \u00c1udio<br \/>\nCa\u00e7a-n\u00edqueis: 1 x Slot PCI Express 2.0<br \/>\nArmazenamento: 3x Portas SATA 1x Porta M.2 com suporte PCIE<\/p>\n<p>&#8211; CONECTORES INTERNOS:<br \/>\n1 x Conetor de energia ATX de 24 pinos<br \/>\n1 x Conector de energia ATX 12V de 4 pinos<br \/>\n2 x Conector USB (suporta 4 portas USB adicionais)<br \/>\n1 x conector LPC DEBUG<br \/>\n1 x Conector de \u00e1udio do painel frontal<br \/>\n1 x Conector do painel do sistema<\/p>\n<p>&#8211; CONECTORES TRASEIROS:<br \/>\n1 x USB keyboard<br \/>\n1 x USB mouse<br \/>\n1 x VGA<br \/>\n1 x HDMI<br \/>\n4 x USB 2.0v<br \/>\n1 x LAN(RJ45)<br \/>\n3 x \u00c1udio jack<br \/>\nFator de forma: Micro ATX19 x 17cm<br \/>\nDimens\u00f5es (A x L x P): 10x10x10cm<\/p>\n<p>&#8211; CONTE\u00daDO DA EMBALAGEM:<br \/>\n1 x Placa-M\u00e3e GT H61<br \/>\n1 x CD de Driver<br \/>\n1 x Espelho traseiro<br \/>\n1 x Manual do Usu\u00e1rio<br \/>\n1 x Cabo SATA<\/p>\n","protected":false},"excerpt":{"rendered":"<p>&#8211; DESCRI\u00c7\u00c3O: Placa m\u00e3e 1155 DDR3 H61 com suporte para Gibabit e M2 Marca: Goldentec Modelo: GT-53752 &#8211; ESPECIFICA\u00c7\u00d5ES T\u00c9CNICAS Processador: Suporta os processadores Intel Core i7 \/ Core i5<\/p>\n","protected":false},"featured_media":9157,"comment_status":"open","ping_status":"closed","template":"","meta":{"_acf_changed":false},"product_cat":[150,142],"product_tag":[],"acf":[],"_links":{"self":[{"href":"https:\/\/robokid.com.br\/loja\/wp-json\/wp\/v2\/product\/9156"}],"collection":[{"href":"https:\/\/robokid.com.br\/loja\/wp-json\/wp\/v2\/product"}],"about":[{"href":"https:\/\/robokid.com.br\/loja\/wp-json\/wp\/v2\/types\/product"}],"replies":[{"embeddable":true,"href":"https:\/\/robokid.com.br\/loja\/wp-json\/wp\/v2\/comments?post=9156"}],"wp:featuredmedia":[{"embeddable":true,"href":"https:\/\/robokid.com.br\/loja\/wp-json\/wp\/v2\/media\/9157"}],"wp:attachment":[{"href":"https:\/\/robokid.com.br\/loja\/wp-json\/wp\/v2\/media?parent=9156"}],"wp:term":[{"taxonomy":"product_cat","embeddable":true,"href":"https:\/\/robokid.com.br\/loja\/wp-json\/wp\/v2\/product_cat?post=9156"},{"taxonomy":"product_tag","embeddable":true,"href":"https:\/\/robokid.com.br\/loja\/wp-json\/wp\/v2\/product_tag?post=9156"}],"curies":[{"name":"wp","href":"https:\/\/api.w.org\/{rel}","templated":true}]}}