{"id":9154,"date":"2023-12-24T15:37:48","date_gmt":"2023-12-24T18:37:48","guid":{"rendered":"https:\/\/robokid.com.br\/loja\/?post_type=product&#038;p=9154"},"modified":"2023-12-25T15:52:06","modified_gmt":"2023-12-25T18:52:06","slug":"placa-mae-duex-dx-h61zg-box-para-intel-lga-1155-memoria-ddr3-som-video-e-rede","status":"publish","type":"product","link":"https:\/\/robokid.com.br\/loja\/produto\/placa-mae-duex-dx-h61zg-box-para-intel-lga-1155-memoria-ddr3-som-video-e-rede\/","title":{"rendered":"Placa M\u00e3e Duex DX H61ZG Box para Intel LGA 1155 Mem\u00f3ria DDR3 Som Video e Rede"},"content":{"rendered":"<p>&#8211; DESCRI\u00c7\u00c3O:<\/p>\n<p>Marca: Duex<br \/>\nModelo: DX H61ZG<\/p>\n<p>&#8211; ESPECIFICA\u00c7\u00d5ES:<\/p>\n<p>Processamento: Suporte Intel\u00ae Socket 1155 Core\u2122 i7\/ i5\/ i3<br \/>\nChipset: Intel\u00ae H61<br \/>\nSuporte de Mem\u00f3ria:<br \/>\nSuporte Dual channel DDR3 1333\/1066 SDRAM (8GB Max)<br \/>\n2x DDR3 DIMMs (240 pin\/ 1.5V)<br \/>\nLAN: Suporte Realtek\u00ae 10\/100\/1000 MBPS<br \/>\n\u00c1udio: Chip integrado por Realtek\u00ae ALC662<\/p>\n<p>&#8211; Slot:<br \/>\n1 x PCI Express x16 Slot<br \/>\n1 x PCI Express x1 Slot<br \/>\nArmazenamento:4 x SATA port<\/p>\n<p>&#8211; Portas I\/O Internas:<br \/>\n1x 24-pin ATX Conector de For\u00e7a<br \/>\n1x 4-pin ATX 12V Conector de For\u00e7a<br \/>\n2x USB Conector suporte adicional (4 portas USB)<br \/>\n1x LPC_DEBUG Conector<br \/>\n1x Conector de a\u00fadio painel frontal<br \/>\n1x System Panel Conector<\/p>\n<p>&#8211; Portas I\/O Traseiras:<br \/>\n1x USB teclado<br \/>\n1x USB mouse<br \/>\n1x VGA<br \/>\n1x HDMI<br \/>\n2x USB 2.0<br \/>\n2x USB 3.0<br \/>\n1x LAN(RJ45) Porta<br \/>\n3x Audio jack<br \/>\nFator de Forma: Micro ATX &#8211; 190*170 mm<\/p>\n","protected":false},"excerpt":{"rendered":"<p>&#8211; DESCRI\u00c7\u00c3O: Marca: Duex Modelo: DX H61ZG &#8211; ESPECIFICA\u00c7\u00d5ES: Processamento: Suporte Intel\u00ae Socket 1155 Core\u2122 i7\/ i5\/ i3 Chipset: Intel\u00ae H61 Suporte de Mem\u00f3ria: Suporte Dual channel DDR3 1333\/1066 SDRAM<\/p>\n","protected":false},"featured_media":9155,"comment_status":"open","ping_status":"closed","template":"","meta":{"_acf_changed":false},"product_cat":[150,142],"product_tag":[],"acf":[],"_links":{"self":[{"href":"https:\/\/robokid.com.br\/loja\/wp-json\/wp\/v2\/product\/9154"}],"collection":[{"href":"https:\/\/robokid.com.br\/loja\/wp-json\/wp\/v2\/product"}],"about":[{"href":"https:\/\/robokid.com.br\/loja\/wp-json\/wp\/v2\/types\/product"}],"replies":[{"embeddable":true,"href":"https:\/\/robokid.com.br\/loja\/wp-json\/wp\/v2\/comments?post=9154"}],"wp:featuredmedia":[{"embeddable":true,"href":"https:\/\/robokid.com.br\/loja\/wp-json\/wp\/v2\/media\/9155"}],"wp:attachment":[{"href":"https:\/\/robokid.com.br\/loja\/wp-json\/wp\/v2\/media?parent=9154"}],"wp:term":[{"taxonomy":"product_cat","embeddable":true,"href":"https:\/\/robokid.com.br\/loja\/wp-json\/wp\/v2\/product_cat?post=9154"},{"taxonomy":"product_tag","embeddable":true,"href":"https:\/\/robokid.com.br\/loja\/wp-json\/wp\/v2\/product_tag?post=9154"}],"curies":[{"name":"wp","href":"https:\/\/api.w.org\/{rel}","templated":true}]}}