{"id":9152,"date":"2023-12-24T15:08:43","date_gmt":"2023-12-24T18:08:43","guid":{"rendered":"https:\/\/robokid.com.br\/loja\/?post_type=product&#038;p=9152"},"modified":"2023-12-31T01:24:15","modified_gmt":"2023-12-31T04:24:15","slug":"tapete-manta-magnetica-em-silicone-resistente-ao-calor-manutencao-de-eletronicos-350250mm-03683-klte-s130","status":"publish","type":"product","link":"https:\/\/robokid.com.br\/loja\/produto\/tapete-manta-magnetica-em-silicone-resistente-ao-calor-manutencao-de-eletronicos-350250mm-03683-klte-s130\/","title":{"rendered":"Tapete Manta Magn\u00e9tica em Silicone Resistente ao Calor Manuten\u00e7\u00e3o de Eletr\u00f4nicos 350*250mm 03683 &#8211; KLTE-S130"},"content":{"rendered":"<p><strong class=\"desctitle\">DETALHES DO PRODUTO:<\/strong><\/p>\n<p>Design antideslizante e antiest\u00e1tico: tanto a superf\u00edcie como o lado traseiro est\u00e3o adotando o design antiderrapante.<br \/>\n\u00c9 um produto ideal para montagem eletr\u00f4nica de solda ou eletr\u00f4nica e reparo de placa de circuito, por exemplo telefone de marca\u00e7\u00e3o, laptop, computador, rel\u00f3gio de esportes, c\u00e2mera, brinquedo inteligente, \u00f3culos etc. Com a sua resist\u00eancia \u00e0 alta temperatura, pode ser utilizado como base em processos de soldagem (ferro de solda) e dessoldagem (soprador de ar quente) de componentes eletr\u00f4nicos em placas, BGA e muito mais.<br \/>\nA Manta de Isolamento apresentando diversos porta-objetos multifun\u00e7\u00f5es, entre eles com locais magnetizados para alojamento de parafusos, dezenas de pequenos sulcos para alocar componentes e pe\u00e7as diversas e manipula\u00e7\u00e3o da placa de circuito impresso de forma a manter a bancada organizada e facilitar a posterior montagem dos equipamentos em conserto.<br \/>\nFeita de silicone de alta qualidade. Resiste a corros\u00e3o e fora de forma. Sua textura \u00e9 macia, s\u00f3lida e dur\u00e1vel para proteger a ponta do ferro de solda.<br \/>\nF\u00e1cil de limpar com \u00e1gua e sab\u00e3o.<\/p>\n<p>ESPECIFICA\u00c7\u00d5ES:<\/p>\n<p>Tapete Manta de Isolamento ;<br \/>\nDiversos Porta Objetos;<br \/>\nLocais magnetizados<br \/>\nBase para manuten\u00e7\u00e3o de eletr\u00f4nicos;<br \/>\nResistente \u00e0 alta temperatura ;<br \/>\nProduzida em silicone de alta resist\u00eancia;<br \/>\nIdeal para trabalhos com soldagem e dessoldagem;<br \/>\nN\u00e3o adere a nenhum material;<br \/>\nEvita danos na bancada;<br \/>\nSulcos para alocar pequenas ferramentas e parafusos;<br \/>\nResistente \u00e0 corros\u00e3o;<br \/>\nAlta durabilidade;<br \/>\nCor Azul;<br \/>\nDimens\u00f5es totais (CxLxE): 350x250x14mm;<br \/>\nPeso: 316g;<\/p>\n","protected":false},"excerpt":{"rendered":"<p>DETALHES DO PRODUTO: Design antideslizante e antiest\u00e1tico: tanto a superf\u00edcie como o lado traseiro est\u00e3o adotando o design antiderrapante. \u00c9 um produto ideal para montagem eletr\u00f4nica de solda ou eletr\u00f4nica<\/p>\n","protected":false},"featured_media":9153,"comment_status":"open","ping_status":"closed","template":"","meta":{"_acf_changed":false},"product_cat":[137],"product_tag":[],"acf":[],"_links":{"self":[{"href":"https:\/\/robokid.com.br\/loja\/wp-json\/wp\/v2\/product\/9152"}],"collection":[{"href":"https:\/\/robokid.com.br\/loja\/wp-json\/wp\/v2\/product"}],"about":[{"href":"https:\/\/robokid.com.br\/loja\/wp-json\/wp\/v2\/types\/product"}],"replies":[{"embeddable":true,"href":"https:\/\/robokid.com.br\/loja\/wp-json\/wp\/v2\/comments?post=9152"}],"wp:featuredmedia":[{"embeddable":true,"href":"https:\/\/robokid.com.br\/loja\/wp-json\/wp\/v2\/media\/9153"}],"wp:attachment":[{"href":"https:\/\/robokid.com.br\/loja\/wp-json\/wp\/v2\/media?parent=9152"}],"wp:term":[{"taxonomy":"product_cat","embeddable":true,"href":"https:\/\/robokid.com.br\/loja\/wp-json\/wp\/v2\/product_cat?post=9152"},{"taxonomy":"product_tag","embeddable":true,"href":"https:\/\/robokid.com.br\/loja\/wp-json\/wp\/v2\/product_tag?post=9152"}],"curies":[{"name":"wp","href":"https:\/\/api.w.org\/{rel}","templated":true}]}}