{"id":9147,"date":"2023-12-24T14:49:56","date_gmt":"2023-12-24T17:49:56","guid":{"rendered":"https:\/\/robokid.com.br\/loja\/?post_type=product&#038;p=9147"},"modified":"2024-01-01T20:40:05","modified_gmt":"2024-01-01T23:40:05","slug":"mini-multimetro-digital-portatil-400v-com-sinal-sonoro-knup-kp-aa031","status":"publish","type":"product","link":"https:\/\/robokid.com.br\/loja\/produto\/mini-multimetro-digital-portatil-400v-com-sinal-sonoro-knup-kp-aa031\/","title":{"rendered":"Mini Mult\u00edmetro Digital Port\u00e1til 400V com Sinal Sonoro KNUP &#8211; KP-AA031"},"content":{"rendered":"<p>DETALHES DO PRODUTO:<br \/>\nEste instrumento \u00e9 utilizado para medi\u00e7\u00f5es de sinais de tens\u00e3o e corrente, dentre outras grandecas, em circuitos monof\u00e1sicos de baixa pot\u00eancia como aqueles aplicados em resid\u00eancias, escrit\u00f3rios pequenos com\u00e9rcios e equipamentos como eletrodom\u00e9sticos e eletr\u00f4nicos em geral<\/p>\n<p>Caracter\u00edsticas:<\/p>\n<p>\u2022 Display LCD<\/p>\n<p>\u2022 Sinal sonoro<\/p>\n<p>\u2022 Contagem: 3 1\/2 Digitos(MAX 1999)<\/p>\n<p>\u2022 Tens\u00e3o DC: 200m\/2000m\/20\/200\/400V<\/p>\n<p>\u2022 Tens\u00e3o AC: 200\/400V<\/p>\n<p>\u2022 Corrente DC: 2000p\/ 20m\/ 200m<\/p>\n<p>\u2022 Resist\u00eancia: 200\/2000\/20k\/200k\/2000k<\/p>\n<p>\u2022 Coeficiente de Temperatura: 0,1 x (Precis\u00e3o Especificada)\/1\u00b0C.<\/p>\n<p>\u2022 Temperatura de Opera\u00e7\u00e3o: 0\u00b0C -40\u00b0C, (32\u00b0F ~ 104\u00b0F).<\/p>\n<p>\u2022 Temperatura de Armazenamento: -10\u00b0C -50\u00b0C, (14\u00b0F ~ 122\u00b0F)<\/p>\n<p>\u2022 Umidade Relativa: . &lt;75%~0\u00b0C~30\u00b0C, &lt;50%-31\u00b0C -40\u00b0C.<\/p>\n<p>\u2022 Alimenta\u00e7\u00e3o: 1 Bateria A23 12Vdc<\/p>\n<p>\u2022 Dimens\u00f5es: 105 x 18 x 60 mm (A x C XL)<\/p>\n","protected":false},"excerpt":{"rendered":"<p>DETALHES DO PRODUTO: Este instrumento \u00e9 utilizado para medi\u00e7\u00f5es de sinais de tens\u00e3o e corrente, dentre outras grandecas, em circuitos monof\u00e1sicos de baixa pot\u00eancia como aqueles aplicados em resid\u00eancias, escrit\u00f3rios<\/p>\n","protected":false},"featured_media":9149,"comment_status":"open","ping_status":"closed","template":"","meta":{"_acf_changed":false},"product_cat":[174],"product_tag":[],"acf":[],"_links":{"self":[{"href":"https:\/\/robokid.com.br\/loja\/wp-json\/wp\/v2\/product\/9147"}],"collection":[{"href":"https:\/\/robokid.com.br\/loja\/wp-json\/wp\/v2\/product"}],"about":[{"href":"https:\/\/robokid.com.br\/loja\/wp-json\/wp\/v2\/types\/product"}],"replies":[{"embeddable":true,"href":"https:\/\/robokid.com.br\/loja\/wp-json\/wp\/v2\/comments?post=9147"}],"wp:featuredmedia":[{"embeddable":true,"href":"https:\/\/robokid.com.br\/loja\/wp-json\/wp\/v2\/media\/9149"}],"wp:attachment":[{"href":"https:\/\/robokid.com.br\/loja\/wp-json\/wp\/v2\/media?parent=9147"}],"wp:term":[{"taxonomy":"product_cat","embeddable":true,"href":"https:\/\/robokid.com.br\/loja\/wp-json\/wp\/v2\/product_cat?post=9147"},{"taxonomy":"product_tag","embeddable":true,"href":"https:\/\/robokid.com.br\/loja\/wp-json\/wp\/v2\/product_tag?post=9147"}],"curies":[{"name":"wp","href":"https:\/\/api.w.org\/{rel}","templated":true}]}}