{"id":9112,"date":"2023-12-24T01:28:38","date_gmt":"2023-12-24T04:28:38","guid":{"rendered":"https:\/\/robokid.com.br\/loja\/?post_type=product&#038;p=9112"},"modified":"2024-04-15T09:40:27","modified_gmt":"2024-04-15T12:40:27","slug":"kit-de-chaves-115-em-1-multi-uso-ferramenta-de-reparo-profissional-conjunto-magnetica-04009-xlw-115","status":"publish","type":"product","link":"https:\/\/robokid.com.br\/loja\/produto\/kit-de-chaves-115-em-1-multi-uso-ferramenta-de-reparo-profissional-conjunto-magnetica-04009-xlw-115\/","title":{"rendered":"Kit de Chaves 115 em 1 Multi uso Ferramenta de Reparo Profissional conjunto magn\u00e9tica 04009 &#8211; XLW-115"},"content":{"rendered":"<p><strong class=\"desctitle\">DETALHES DO PRODUTO:<\/strong><\/p>\n<p>1. profissional de precis\u00e3o chave de fenda Chave De Fenda 115 em 1 jogo tem diferentes tipos de ferramentas projetadas para a repara\u00e7\u00e3o consolas de jogos, computadores, dispositivos m\u00f3veis, c\u00e2meras de precis\u00e3o e outros itens como rel\u00f3gios e \u00f3culos.<br \/>\n2. de alta qualidade e ampla aplica\u00e7\u00e3o: Feito de materiais de alta qualidade para maior durabilidade. Diferentes tipos de exerc\u00edcios pode acomodar muitas formas de parafusos para atender todas as necessidades. 3. equipado com uma caixa de armazenamento profissional: o kit de repara\u00e7\u00e3o \u00e9 equipado com uma caixa de armazenamento feito de material de PP e \u00e9 resistente ao choque.<br \/>\n4. fun\u00e7\u00e3o magn\u00e9tica e desempenho: a dica sobre a chave de fenda magn\u00e9tica \u00e9 muito conveniente quando o parafuso \u00e9 puxado para fora ou o parafuso est\u00e1 alinhado com o buraco. Especialmente para amadores, magnetismo pode melhorar o desempenho e economizar tempo.<br \/>\n5. uso do produto: ferramentas de manuten\u00e7\u00e3o, amplamente utilizado em telefones m\u00f3veis, digitais, eletrodom\u00e9sticos e outros campos<\/p>\n<p><strong>Especifica\u00e7\u00f5es:<\/strong><\/p>\n<p>Pacote inclui:<\/p>\n<p>1 x caixa (pl\u00e1stico) 157*90*52mm<br \/>\n1 x eixo de extens\u00e3o flex\u00edvel<br \/>\n1 x barra de extens\u00e3o 128mm<br \/>\n1 x pin\u00e7a 122mm<br \/>\n3 x ferramentas de alavanca de pl\u00e1stico (86mm e 82mm)<br \/>\n1 x ferramentas de remo\u00e7\u00e3o de cart\u00e3o sim 33mm<br \/>\n1 x chave 98mm<br \/>\n1 x ventosa 35mm<br \/>\n1 x magnecia bloco<br \/>\n1 x agulha para remo\u00e7\u00e3o cart\u00e3o SIM<br \/>\n3 x palhetas de abertura (35*37mm e 31*33mm)<br \/>\n1 x suporte de broca para chave de fenda el\u00e9trica<br \/>\n1 x adaptador sleeve<br \/>\n98 * bit chave de fenda<\/p>\n<p><strong>Especifica\u00e7\u00e3o de chave de fenda:<\/strong><\/p>\n<p>PH000, PH000, PH00, PH00, PH0, PH0, PH1, PH1, PH2, e PH2<br \/>\nM, word, pzo, pzo, pz1, pz1, pz2 e pz2<br \/>\nEm linha reta: 1.0, 1.5, 2.0, 2.5, 3.0, 3.5 e 4.0<br \/>\nEm linha reta: 1\/16, 5\/64, 3\/32, 7\/64, 1\/8, 9\/64 e 5\/32<br \/>\nCinco estrelas: 0.8, 0.8, 1.2, 1.2, 1.5, 1.5, 2.0 e 2.0<br \/>\nTorx: t3, t3, t4, t4, t5, t5, t6, t6, t7, t7, t8, t8, t9, t9, t10,<br \/>\nT10, T15, T15, T20, e T20<br \/>\nHex\u00e1gono: 07, 0.9, 13, 1.3, 1.5, 1.5, 2.0, 2.0, z5, 2.5, 3.0, 3.0,<br \/>\n3.5, 4, 0 e 4.0<br \/>\nHex\u00e1gono: 1\/16, 5\/64, 3\/32, 7\/64, 1\/8, 9\/64 e 5\/32<br \/>\nTri\u00e2ngulo: 2.0, 2.3, 2.7 e 3.0<br \/>\nFormul\u00e1rio &#8220;u&#8221;: 2.6 e 2.6<br \/>\nForma &#8220;y&#8221;: 2.0 e 3.0<br \/>\nSoquete de 4mm: m2.5, m3.0, m3.5, m4.0, m4.0, m4.5, m5.0 e m5.5<\/p>\n<p>&nbsp;<\/p>\n<p><strong>Obs.<\/strong>\u00a0Imagens meramente ilustrativas. Cores e embalagem podem variar de acordo com o lote e o fabricante. Cores enviadas de forma sortida, de acordo com a disponibilidade em estoque.<\/p>\n","protected":false},"excerpt":{"rendered":"<p>DETALHES DO PRODUTO: 1. profissional de precis\u00e3o chave de fenda Chave De Fenda 115 em 1 jogo tem diferentes tipos de ferramentas projetadas para a repara\u00e7\u00e3o consolas de jogos, computadores,<\/p>\n","protected":false},"featured_media":9113,"comment_status":"open","ping_status":"closed","template":"","meta":{"_acf_changed":false},"product_cat":[174],"product_tag":[],"acf":[],"_links":{"self":[{"href":"https:\/\/robokid.com.br\/loja\/wp-json\/wp\/v2\/product\/9112"}],"collection":[{"href":"https:\/\/robokid.com.br\/loja\/wp-json\/wp\/v2\/product"}],"about":[{"href":"https:\/\/robokid.com.br\/loja\/wp-json\/wp\/v2\/types\/product"}],"replies":[{"embeddable":true,"href":"https:\/\/robokid.com.br\/loja\/wp-json\/wp\/v2\/comments?post=9112"}],"wp:featuredmedia":[{"embeddable":true,"href":"https:\/\/robokid.com.br\/loja\/wp-json\/wp\/v2\/media\/9113"}],"wp:attachment":[{"href":"https:\/\/robokid.com.br\/loja\/wp-json\/wp\/v2\/media?parent=9112"}],"wp:term":[{"taxonomy":"product_cat","embeddable":true,"href":"https:\/\/robokid.com.br\/loja\/wp-json\/wp\/v2\/product_cat?post=9112"},{"taxonomy":"product_tag","embeddable":true,"href":"https:\/\/robokid.com.br\/loja\/wp-json\/wp\/v2\/product_tag?post=9112"}],"curies":[{"name":"wp","href":"https:\/\/api.w.org\/{rel}","templated":true}]}}