{"id":9110,"date":"2023-12-24T01:20:12","date_gmt":"2023-12-24T04:20:12","guid":{"rendered":"https:\/\/robokid.com.br\/loja\/?post_type=product&#038;p=9110"},"modified":"2023-12-31T00:59:03","modified_gmt":"2023-12-31T03:59:03","slug":"base-cooler-para-notebook-156-com-2-fans-knup-or-sp242","status":"publish","type":"product","link":"https:\/\/robokid.com.br\/loja\/produto\/base-cooler-para-notebook-156-com-2-fans-knup-or-sp242\/","title":{"rendered":"Base Cooler para Notebook 15,6&#8221; com 2 Fans KNUP &#8211; OR-SP242"},"content":{"rendered":"<p><img loading=\"lazy\" decoding=\"async\" class=\"alignnone size-medium wp-image-9111\" src=\"https:\/\/robokid.com.br\/loja\/wp-content\/uploads\/2023\/12\/cooler-para-note-300x300.jpg\" alt=\"\" width=\"300\" height=\"300\" srcset=\"https:\/\/robokid.com.br\/loja\/wp-content\/uploads\/2023\/12\/cooler-para-note-300x300.jpg 300w, https:\/\/robokid.com.br\/loja\/wp-content\/uploads\/2023\/12\/cooler-para-note-150x150.jpg 150w, https:\/\/robokid.com.br\/loja\/wp-content\/uploads\/2023\/12\/cooler-para-note-100x100.jpg 100w, https:\/\/robokid.com.br\/loja\/wp-content\/uploads\/2023\/12\/cooler-para-note.jpg 491w\" sizes=\"(max-width: 300px) 100vw, 300px\" \/><strong class=\"desctitle\">DETALHES DO PRODUTO:<\/strong><\/p>\n<p><strong>CARACTER\u00cdSTICAS<\/strong><\/p>\n<p>\u2022 Compat\u00edvel com Notebooks de 9 \u00e0 15,6&#8243; Polegadas<\/p>\n<p>\u2022 2 Fans para maior refrigera\u00e7\u00e3o<\/p>\n<p>\u2022 Porta USB 2.0 extensora \u00c2ngulo de inclina\u00e7\u00e3o\u00a0ajust\u00e1vel<\/p>\n<p><strong>ESPECIFICA\u00c7\u00d5ES<\/strong><\/p>\n<p>\u2022 Dimens\u00f5es: 345 x 250 x 28 mm (LxCxA)<\/p>\n<p>\u2022 Dimens\u00f5es dos fans: \u00d8125 mm x 15 mm (A)<\/p>\n<p>\u2022 Tens\u00e3o\/Pot\u00eancia de opera\u00e7\u00e3o: 5Vdc \/5W<\/p>\n<p>\u2022 Velocidade dos fans:\u00a0800-1000\u00a0RPM<\/p>\n<p>\u2022 N\u00edvel de ru\u00eddo: 17 \u00e0 22 dBa<\/p>\n<p>\u2022 \u00c2ngulo de inclina\u00e7\u00e3o: 6.5\u00b0 ~ 40\u00b0<\/p>\n<p>\u2022 Composi\u00e7\u00e3o: Pl\u00e1stico +\u00a0Malha\u00a0de\u00a0Metal<\/p>\n","protected":false},"excerpt":{"rendered":"<p>DETALHES DO PRODUTO: CARACTER\u00cdSTICAS \u2022 Compat\u00edvel com Notebooks de 9 \u00e0 15,6&#8243; Polegadas \u2022 2 Fans para maior refrigera\u00e7\u00e3o \u2022 Porta USB 2.0 extensora \u00c2ngulo de inclina\u00e7\u00e3o\u00a0ajust\u00e1vel ESPECIFICA\u00c7\u00d5ES \u2022 Dimens\u00f5es:<\/p>\n","protected":false},"featured_media":9111,"comment_status":"open","ping_status":"closed","template":"","meta":{"_acf_changed":false},"product_cat":[143],"product_tag":[],"acf":[],"_links":{"self":[{"href":"https:\/\/robokid.com.br\/loja\/wp-json\/wp\/v2\/product\/9110"}],"collection":[{"href":"https:\/\/robokid.com.br\/loja\/wp-json\/wp\/v2\/product"}],"about":[{"href":"https:\/\/robokid.com.br\/loja\/wp-json\/wp\/v2\/types\/product"}],"replies":[{"embeddable":true,"href":"https:\/\/robokid.com.br\/loja\/wp-json\/wp\/v2\/comments?post=9110"}],"wp:featuredmedia":[{"embeddable":true,"href":"https:\/\/robokid.com.br\/loja\/wp-json\/wp\/v2\/media\/9111"}],"wp:attachment":[{"href":"https:\/\/robokid.com.br\/loja\/wp-json\/wp\/v2\/media?parent=9110"}],"wp:term":[{"taxonomy":"product_cat","embeddable":true,"href":"https:\/\/robokid.com.br\/loja\/wp-json\/wp\/v2\/product_cat?post=9110"},{"taxonomy":"product_tag","embeddable":true,"href":"https:\/\/robokid.com.br\/loja\/wp-json\/wp\/v2\/product_tag?post=9110"}],"curies":[{"name":"wp","href":"https:\/\/api.w.org\/{rel}","templated":true}]}}