{"id":9108,"date":"2023-12-23T23:38:44","date_gmt":"2023-12-24T02:38:44","guid":{"rendered":"https:\/\/robokid.com.br\/loja\/?post_type=product&#038;p=9108"},"modified":"2023-12-26T23:53:11","modified_gmt":"2023-12-27T02:53:11","slug":"shield-multifuncoes-para-arduino-ideal-para-aprendizagem","status":"publish","type":"product","link":"https:\/\/robokid.com.br\/loja\/produto\/shield-multifuncoes-para-arduino-ideal-para-aprendizagem\/","title":{"rendered":"Shield Multifun\u00e7\u00f5es para Arduino &#8211; Ideal para Aprendizagem"},"content":{"rendered":"<p>O\u00a0<strong>Shield Arduino<\/strong>\u00a0Multi-fun\u00e7\u00f5es \u00e9 uma \u00f3tima op\u00e7\u00e3o para aprendizagem em\u00a0<strong>Arduino<\/strong>, al\u00e9m de\u00a0tornar um\u00a0<strong>projeto<\/strong>\u00a0bastante interativo.<\/p>\n<p>O shield conta com display 7 segmentos de 4 d\u00edgitos (ideal para voc\u00ea tirar do papel aquele projeto de rel\u00f3gio com Arduino), potenci\u00f4metro, bot\u00f5es, buzzer, sa\u00eddas para sensores de temperatura LM35 e DS18B20, conector para m\u00f3dulo APC220, wireless, bluetooth e outros.<\/p>\n<p>Com este shield voc\u00ea pode n\u00e3o s\u00f3 montar projetos b\u00e1sicos com os componentes acima, mas tamb\u00e9m interligar v\u00e1rios outros m\u00f3dulos e sensores e ampliar ainda mais os seus conhecimentos em programa\u00e7\u00e3o com Arduino.<\/p>\n","protected":false},"excerpt":{"rendered":"<p>O\u00a0Shield Arduino\u00a0Multi-fun\u00e7\u00f5es \u00e9 uma \u00f3tima op\u00e7\u00e3o para aprendizagem em\u00a0Arduino, al\u00e9m de\u00a0tornar um\u00a0projeto\u00a0bastante interativo. O shield conta com display 7 segmentos de 4 d\u00edgitos (ideal para voc\u00ea tirar do papel aquele<\/p>\n","protected":false},"featured_media":9109,"comment_status":"open","ping_status":"closed","template":"","meta":{"_acf_changed":false},"product_cat":[160],"product_tag":[],"acf":[],"_links":{"self":[{"href":"https:\/\/robokid.com.br\/loja\/wp-json\/wp\/v2\/product\/9108"}],"collection":[{"href":"https:\/\/robokid.com.br\/loja\/wp-json\/wp\/v2\/product"}],"about":[{"href":"https:\/\/robokid.com.br\/loja\/wp-json\/wp\/v2\/types\/product"}],"replies":[{"embeddable":true,"href":"https:\/\/robokid.com.br\/loja\/wp-json\/wp\/v2\/comments?post=9108"}],"wp:featuredmedia":[{"embeddable":true,"href":"https:\/\/robokid.com.br\/loja\/wp-json\/wp\/v2\/media\/9109"}],"wp:attachment":[{"href":"https:\/\/robokid.com.br\/loja\/wp-json\/wp\/v2\/media?parent=9108"}],"wp:term":[{"taxonomy":"product_cat","embeddable":true,"href":"https:\/\/robokid.com.br\/loja\/wp-json\/wp\/v2\/product_cat?post=9108"},{"taxonomy":"product_tag","embeddable":true,"href":"https:\/\/robokid.com.br\/loja\/wp-json\/wp\/v2\/product_tag?post=9108"}],"curies":[{"name":"wp","href":"https:\/\/api.w.org\/{rel}","templated":true}]}}