{"id":2844,"date":"2016-03-24T12:57:35","date_gmt":"2016-03-24T15:57:35","guid":{"rendered":"https:\/\/demo2.chethemes.com\/electro\/?page_id=2844"},"modified":"2020-11-07T15:04:29","modified_gmt":"2020-11-07T18:04:29","slug":"categorias-produtos","status":"publish","type":"page","link":"https:\/\/robokid.com.br\/loja\/categorias-produtos\/","title":{"rendered":"Categorias-Produtos"},"content":{"rendered":"\t\t<div class=\"electro-store-directory clearfix\">\n\t\t\t<hr class=\"no-margin\">\n\t\t\t<div class=\"widget woocommerce widget_product_categories\"><h2 class=\"widgettitle\">Categorias de produto<\/h2><ul class=\"product-categories\"><li class=\"cat-item cat-item-134 cat-parent\"><a href=\"https:\/\/robokid.com.br\/loja\/categoria\/audio-video\/\">Audio &amp; Video<\/a><ul class='children'>\n<li class=\"cat-item cat-item-151\"><a href=\"https:\/\/robokid.com.br\/loja\/categoria\/audio-video\/caixa-de-som\/\">Caixa de Som<\/a><\/li>\n<li class=\"cat-item cat-item-135\"><a href=\"https:\/\/robokid.com.br\/loja\/categoria\/audio-video\/consoles\/\">Consoles<\/a><\/li>\n<li class=\"cat-item cat-item-136\"><a href=\"https:\/\/robokid.com.br\/loja\/categoria\/audio-video\/games\/\">Games<\/a><\/li>\n<li class=\"cat-item cat-item-141\"><a href=\"https:\/\/robokid.com.br\/loja\/categoria\/audio-video\/produtos-escritorio\/\">Produtos Escrit\u00f3rio<\/a><\/li>\n<\/ul>\n<\/li>\n<li class=\"cat-item cat-item-137\"><a href=\"https:\/\/robokid.com.br\/loja\/categoria\/celulares-smartphone\/\">Celulares &amp; Smartphone<\/a><\/li>\n<li class=\"cat-item cat-item-140\"><a href=\"https:\/\/robokid.com.br\/loja\/categoria\/eletroportateis\/\">Eletroportateis<\/a><\/li>\n<li class=\"cat-item cat-item-174\"><a href=\"https:\/\/robokid.com.br\/loja\/categoria\/kit-ferramentas\/\">Ferramentas<\/a><\/li>\n<li class=\"cat-item cat-item-15\"><a href=\"https:\/\/robokid.com.br\/loja\/categoria\/manutencao-celulares\/\">Manuten\u00e7\u00e3o Celulares<\/a><\/li>\n<li class=\"cat-item cat-item-160\"><a href=\"https:\/\/robokid.com.br\/loja\/categoria\/produtos-robotica\/\">Produtos Rob\u00f3tica<\/a><\/li>\n<li class=\"cat-item cat-item-142 cat-parent\"><a href=\"https:\/\/robokid.com.br\/loja\/categoria\/tecnologia-informatica\/\">Tecnologia &amp; Inform\u00e1tica<\/a><ul class='children'>\n<li class=\"cat-item cat-item-150\"><a href=\"https:\/\/robokid.com.br\/loja\/categoria\/tecnologia-informatica\/desktop\/\">Desktop<\/a><\/li>\n<li class=\"cat-item cat-item-143\"><a href=\"https:\/\/robokid.com.br\/loja\/categoria\/tecnologia-informatica\/notebook\/\">Notebook<\/a><\/li>\n<li class=\"cat-item cat-item-173\"><a href=\"https:\/\/robokid.com.br\/loja\/categoria\/tecnologia-informatica\/placa-video\/\">Placa de V\u00eddeo<\/a><\/li>\n<li class=\"cat-item cat-item-171\"><a href=\"https:\/\/robokid.com.br\/loja\/categoria\/tecnologia-informatica\/robotica\/\">Rob\u00f3tica<\/a><\/li>\n<\/ul>\n<\/li>\n<\/ul><\/div>\t\t<\/div>\n\t\t\n","protected":false},"excerpt":{"rendered":"Categorias de produtoAudio &amp; Video Caixa de Som Consoles Games Produtos Escrit\u00f3rio Celulares &amp; Smartphone Eletroportateis Ferramentas Manuten\u00e7\u00e3o Celulares Produtos Rob\u00f3tica Tecnologia &amp; Inform\u00e1tica Desktop Notebook Placa de V\u00eddeo Rob\u00f3tica","protected":false},"author":1,"featured_media":0,"parent":0,"menu_order":0,"comment_status":"closed","ping_status":"closed","template":"","meta":{"_acf_changed":false,"footnotes":""},"acf":[],"_links":{"self":[{"href":"https:\/\/robokid.com.br\/loja\/wp-json\/wp\/v2\/pages\/2844"}],"collection":[{"href":"https:\/\/robokid.com.br\/loja\/wp-json\/wp\/v2\/pages"}],"about":[{"href":"https:\/\/robokid.com.br\/loja\/wp-json\/wp\/v2\/types\/page"}],"author":[{"embeddable":true,"href":"https:\/\/robokid.com.br\/loja\/wp-json\/wp\/v2\/users\/1"}],"replies":[{"embeddable":true,"href":"https:\/\/robokid.com.br\/loja\/wp-json\/wp\/v2\/comments?post=2844"}],"version-history":[{"count":0,"href":"https:\/\/robokid.com.br\/loja\/wp-json\/wp\/v2\/pages\/2844\/revisions"}],"wp:attachment":[{"href":"https:\/\/robokid.com.br\/loja\/wp-json\/wp\/v2\/media?parent=2844"}],"curies":[{"name":"wp","href":"https:\/\/api.w.org\/{rel}","templated":true}]}}