{"id":2505,"date":"2016-03-09T05:58:27","date_gmt":"2016-03-09T08:58:27","guid":{"rendered":"https:\/\/demo2.chethemes.com\/electro\/?page_id=2505"},"modified":"2023-12-29T00:22:27","modified_gmt":"2023-12-29T03:22:27","slug":"duvidas-frequentes","status":"publish","type":"page","link":"https:\/\/robokid.com.br\/loja\/duvidas-frequentes\/","title":{"rendered":"D\u00favidas Frequentes"},"content":{"rendered":"<div class=\"wpb-content-wrapper\"><p>[vc_row el_class=&#8221;inner-top-xs&#8221;][vc_column][vc_toggle title=&#8221;Quais m\u00e9todos de envio est\u00e3o dispon\u00edveis?&#8221; el_id=&#8221;1459864577831-bdb5bc1a-4a98&#8243;]Correios ou empresa de log\u00edstica.[\/vc_toggle][vc_toggle title=&#8221;Quanto tempo levar\u00e1 para obter meu pacote?&#8221; el_id=&#8221;1459864633996-9b7e4f16-199e&#8221;]Depender\u00e1 dos correios, despachamos no dia seguinte.[\/vc_toggle][vc_toggle title=&#8221;Como fa\u00e7o para acompanhar meu pedido?&#8221; el_id=&#8221;1459864665894-b82f7067-8407&#8243;]Enviaremos c\u00f3digo de rastreio do correio.[\/vc_toggle][vc_toggle title=&#8221;Como eu fa\u00e7o um pedido?&#8221; el_id=&#8221;1459864700197-4c554837-f084&#8243;]Basta clicar ao lado do carrinho de compras ao lado de cada produto e depois concluir a compra.[\/vc_toggle][vc_toggle title=&#8221;Como devo entrar em contato se tiver alguma d\u00favida?&#8221; el_id=&#8221;1459864738156-c9e9af2d-48c9&#8243;]Pode enviar atrav\u00e9s do link contato, ou enviar para sac@robokid.com.br[\/vc_toggle][vc_toggle title=&#8221;Preciso de uma conta para fazer um pedido?&#8221; el_id=&#8221;1459864765251-4a22323b-b290&#8243;]Para sua seguran\u00e7a sim, especialmente para novas compras.[\/vc_toggle][\/vc_column][\/vc_row]<\/p>\n<\/div>","protected":false},"excerpt":{"rendered":"<p>[vc_row el_class=&#8221;inner-top-xs&#8221;][vc_column][vc_toggle title=&#8221;Quais m\u00e9todos de envio est\u00e3o dispon\u00edveis?&#8221; el_id=&#8221;1459864577831-bdb5bc1a-4a98&#8243;]Correios ou empresa de log\u00edstica.[\/vc_toggle][vc_toggle title=&#8221;Quanto tempo levar\u00e1 para obter meu pacote?&#8221; el_id=&#8221;1459864633996-9b7e4f16-199e&#8221;]Depender\u00e1 dos correios, despachamos no dia seguinte.[\/vc_toggle][vc_toggle title=&#8221;Como fa\u00e7o para<\/p>\n","protected":false},"author":1,"featured_media":0,"parent":0,"menu_order":0,"comment_status":"closed","ping_status":"closed","template":"","meta":{"_acf_changed":false,"footnotes":""},"acf":[],"_links":{"self":[{"href":"https:\/\/robokid.com.br\/loja\/wp-json\/wp\/v2\/pages\/2505"}],"collection":[{"href":"https:\/\/robokid.com.br\/loja\/wp-json\/wp\/v2\/pages"}],"about":[{"href":"https:\/\/robokid.com.br\/loja\/wp-json\/wp\/v2\/types\/page"}],"author":[{"embeddable":true,"href":"https:\/\/robokid.com.br\/loja\/wp-json\/wp\/v2\/users\/1"}],"replies":[{"embeddable":true,"href":"https:\/\/robokid.com.br\/loja\/wp-json\/wp\/v2\/comments?post=2505"}],"version-history":[{"count":0,"href":"https:\/\/robokid.com.br\/loja\/wp-json\/wp\/v2\/pages\/2505\/revisions"}],"wp:attachment":[{"href":"https:\/\/robokid.com.br\/loja\/wp-json\/wp\/v2\/media?parent=2505"}],"curies":[{"name":"wp","href":"https:\/\/api.w.org\/{rel}","templated":true}]}}