{"id":2494,"date":"2016-03-09T05:41:44","date_gmt":"2016-03-09T05:41:44","guid":{"rendered":"https:\/\/demo2.chethemes.com\/electro\/?page_id=2494"},"modified":"2023-12-21T00:31:17","modified_gmt":"2023-12-21T03:31:17","slug":"sobre-nos","status":"publish","type":"page","link":"https:\/\/robokid.com.br\/loja\/sobre-nos\/","title":{"rendered":"Sobre n\u00f3s"},"content":{"rendered":"<div class=\"wpb-content-wrapper\"><p>[vc_row full_width=&#8221;stretch_row&#8221; css=&#8221;.vc_custom_1561001084204{margin-bottom: 35px !important;}&#8221;][vc_column][vc_column_text]Bem-vindo ao nosso universo dedicado \u00e0 realiza\u00e7\u00e3o de sonhos e \u00e0 constru\u00e7\u00e3o de um futuro robotizado vibrante! Aqui, no cora\u00e7\u00e3o da nossa miss\u00e3o, estamos comprometidos em proporcionar uma experi\u00eancia \u00fanica ao disponibilizar produtos de qualidade em rob\u00f3tica, transformando ideias em realidade e inspirando especialmente os jovens a explorarem o emocionante mundo da tecnologia.[\/vc_column_text][\/vc_column][\/vc_row][vc_row full_width=&#8221;stretch_row&#8221; el_class=&#8221;light-bg team-member-wrapper&#8221; css=&#8221;.vc_custom_1457502528908{margin-bottom: 35px !important;}&#8221;][vc_column][vc_column_text]<\/p>\n<blockquote>\n<h3 style=\"text-align: center;\">A paix\u00e3o pode ser um interesse ou admira\u00e7\u00e3o amistosa ou ansiosa por uma proposta, por uma causa, por uma descoberta ou por uma atividade, ou por amar uma sensa\u00e7\u00e3o de excita\u00e7\u00e3o incomum.<\/h3>\n<\/blockquote>\n<p>[\/vc_column_text][\/vc_column][\/vc_row][vc_row el_class=&#8221;inner-sm&#8221;][vc_column el_class=&#8221;text-boxes&#8221;][vc_row_inner][vc_column_inner width=&#8221;1\/2&#8243;][vc_column_text]<strong>Inspira\u00e7\u00e3o para o Futuro: Capacitando a Pr\u00f3xima Gera\u00e7\u00e3o de Inovadores<\/strong><\/p>\n<p>Acreditamos que o futuro ser\u00e1 moldado por mentes curiosas e vision\u00e1rias. Ao concentrarmos nossos esfor\u00e7os em tornar a rob\u00f3tica acess\u00edvel, compreens\u00edvel e emocionante para os jovens, estamos semeando as ra\u00edzes da inova\u00e7\u00e3o. Queremos ser catalisadores de inspira\u00e7\u00e3o, criando uma comunidade onde os sonhos se transformam em projetos, e os projetos se tornam realidade[\/vc_column_text][\/vc_column_inner][vc_column_inner width=&#8221;1\/2&#8243;][vc_column_text]<strong>Nossa Miss\u00e3o: Construir Sonhos com Tecnologia Rob\u00f3tica de Qualidade<\/strong><\/p>\n<p>Somos apaixonados por desbloquear o potencial inexplorado da rob\u00f3tica, acreditando que cada cria\u00e7\u00e3o pode ser uma semente para o futuro. Nosso compromisso vai al\u00e9m de simplesmente fornecer produtos; aspiramos a nutrir a imagina\u00e7\u00e3o, a criatividade e a inova\u00e7\u00e3o, moldando uma nova gera\u00e7\u00e3o de mentes brilhantes.[\/vc_column_text][\/vc_column_inner][\/vc_row_inner][vc_row_inner el_class=&#8221;inner-bottom-xs&#8221;][vc_column_inner width=&#8221;1\/2&#8243;][vc_column_text]<strong>Conectando Mentores e Aprendizes: Uma Comunidade em Crescimento<\/strong><\/p>\n<p>Fomentamos a colabora\u00e7\u00e3o e a aprendizagem cont\u00ednua, incentivando a forma\u00e7\u00e3o de uma comunidade onde entusiastas da rob\u00f3tica podem se conectar, compartilhar experi\u00eancias e aprender uns com os outros.<\/p>\n<p>Estamos construindo n\u00e3o apenas um site, mas um ecossistema onde o conhecimento flui livremente, impulsionando a inova\u00e7\u00e3o e preparando o terreno para um futuro emocionante.[\/vc_column_text][\/vc_column_inner][vc_column_inner width=&#8221;1\/2&#8243;][vc_column_text]<strong>Junte-se a N\u00f3s na Jornada para o Futuro da Rob\u00f3tica!<\/strong><\/p>\n<p>Seja voc\u00ea um novato curioso ou um veterano experiente, convidamos voc\u00ea a se juntar a n\u00f3s nesta empolgante jornada. Vamos explorar juntos as vastas possibilidades da rob\u00f3tica, construir sonhos, e inspirar a pr\u00f3xima gera\u00e7\u00e3o de inovadores que moldar\u00e3o o mundo \u00e0 medida que avan\u00e7amos para uma era cada vez mais robotizada. O futuro est\u00e1 em constante evolu\u00e7\u00e3o, e conosco, voc\u00ea estar\u00e1 na vanguarda dessa transforma\u00e7\u00e3o emocionante.[\/vc_column_text][\/vc_column_inner][\/vc_row_inner][\/vc_column][\/vc_row]<\/p>\n<\/div>","protected":false},"excerpt":{"rendered":"<p>[vc_row full_width=&#8221;stretch_row&#8221; css=&#8221;.vc_custom_1561001084204{margin-bottom: 35px !important;}&#8221;][vc_column][vc_column_text]Bem-vindo ao nosso universo dedicado \u00e0 realiza\u00e7\u00e3o de sonhos e \u00e0 constru\u00e7\u00e3o de um futuro robotizado vibrante! Aqui, no cora\u00e7\u00e3o da nossa miss\u00e3o, estamos comprometidos em<\/p>\n","protected":false},"author":1,"featured_media":0,"parent":0,"menu_order":0,"comment_status":"closed","ping_status":"closed","template":"","meta":{"_acf_changed":false,"footnotes":""},"acf":[],"_links":{"self":[{"href":"https:\/\/robokid.com.br\/loja\/wp-json\/wp\/v2\/pages\/2494"}],"collection":[{"href":"https:\/\/robokid.com.br\/loja\/wp-json\/wp\/v2\/pages"}],"about":[{"href":"https:\/\/robokid.com.br\/loja\/wp-json\/wp\/v2\/types\/page"}],"author":[{"embeddable":true,"href":"https:\/\/robokid.com.br\/loja\/wp-json\/wp\/v2\/users\/1"}],"replies":[{"embeddable":true,"href":"https:\/\/robokid.com.br\/loja\/wp-json\/wp\/v2\/comments?post=2494"}],"version-history":[{"count":0,"href":"https:\/\/robokid.com.br\/loja\/wp-json\/wp\/v2\/pages\/2494\/revisions"}],"wp:attachment":[{"href":"https:\/\/robokid.com.br\/loja\/wp-json\/wp\/v2\/media?parent=2494"}],"curies":[{"name":"wp","href":"https:\/\/api.w.org\/{rel}","templated":true}]}}